{"id":10466,"date":"2019-05-05T16:17:22","date_gmt":"2019-05-05T16:17:22","guid":{"rendered":"http:\/\/31.217.192.125\/~kopseorg\/demo\/?page_id=10466"},"modified":"2026-03-18T18:46:26","modified_gmt":"2026-03-18T18:46:26","slug":"tytot","status":"publish","type":"page","link":"https:\/\/kopse.org\/?page_id=10466","title":{"rendered":"Tyt\u00f6t"},"content":{"rendered":"<div class=\"wpb-content-wrapper\">[vc_row content_aligment=&#8221;center&#8221; css=&#8221;.vc_custom_1569224805305{margin-top: 30px !important;margin-right: 0px !important;margin-bottom: 20px !important;margin-left: -10px !important;padding-right: 0px !important;padding-left: 0px !important;}&#8221;][\/vc_row][vc_column css=&#8221;.vc_custom_1568981869948{margin-top: 0px !important;margin-right: 0px !important;margin-bottom: 0px !important;margin-left: 0px !important;border-bottom-width: 0px !important;border-left-width: 0px !important;padding-top: 0px !important;padding-right: 0px !important;padding-bottom: 0px !important;padding-left: 0px !important;border-left-style: solid !important;border-bottom-style: solid !important;}&#8221;][\/vc_column][vc_single_image image=&#8221;21219&#8243; img_size=&#8221;large&#8221; onclick=&#8221;custom_link&#8221; css=&#8221;.vc_custom_1759408508348{margin-bottom: 0px !important;}&#8221; link=&#8221;t1011.kopse.org&#8221;][vc_single_image image=&#8221;10925&#8243; img_size=&#8221;&#8221; alignment=&#8221;center&#8221; css=&#8221;.vc_custom_1569224174820{margin-top: 10px !important;}&#8221; el_class=&#8221;kopse-logo-small&#8221;][vc_column_text css=&#8221;.vc_custom_1773859545794{margin-bottom: 20px !important;}&#8221;]\n<h4 style=\"text-align: center;\"><a href=\"https:\/\/kopse.org\/?p=11682\">Tyt\u00f6t 2010\u201311<\/a><\/h4>\n<p style=\"text-align: center;\"><strong>Joukkueenjohtaja<br \/>\n<\/strong>Santtu V\u00e4h\u00e4l\u00e4<br \/>\nsanttu.vahala@gmail.com<br \/>\n0503858700<\/p>\n<p>\u00ad[\/vc_column_text][vc_single_image image=&#8221;21220&#8243; img_size=&#8221;large&#8221; alignment=&#8221;center&#8221; onclick=&#8221;custom_link&#8221; css=&#8221;&#8221; link=&#8221;t1213.kopse.org&#8221;][vc_single_image image=&#8221;10925&#8243; img_size=&#8221;&#8221; alignment=&#8221;center&#8221; css=&#8221;.vc_custom_1569224163594{margin-top: 10px !important;}&#8221; el_class=&#8221;kopse-logo-small&#8221;][vc_column_text css=&#8221;&#8221;]\n<h4 style=\"text-align: center;\"><a href=\"https:\/\/kopse.org\/?p=12918\" rel=\"noopener noreferrer\">Tyt\u00f6t 2012-13<\/a><\/h4>\n<p style=\"text-align: center;\"><strong>Joukkueenjohtaja<br \/>\n<\/strong>Saara Pekkala<br \/>\nsaarapekkala.kopse(at)gmail.com<\/p>\n<p>\u00ad[\/vc_column_text][vc_single_image image=&#8221;21226&#8243; img_size=&#8221;large&#8221; alignment=&#8221;center&#8221; onclick=&#8221;custom_link&#8221; css=&#8221;&#8221; link=&#8221;https:\/\/t1415.kopse.org\/&#8221;][vc_single_image image=&#8221;10925&#8243; img_size=&#8221;&#8221; alignment=&#8221;center&#8221; css=&#8221;.vc_custom_1696990811185{margin-top: 10px !important;}&#8221; el_class=&#8221;kopse-logo-small&#8221;][vc_column_text css=&#8221;&#8221;]\n<h4 style=\"text-align: center;\"><a href=\"https:\/\/kopse.org\/?p=16493\" target=\"_blank\" rel=\"noopener\">Tyt\u00f6t 2014-2016<\/a><\/h4>\n<p style=\"text-align: center;\"><strong>Joukkueenjohtaja<br \/>\n<\/strong>Jenni Valkonen<br \/>\nkopset1415jojo(at)gmail.com<\/p>\n<p>\u00ad[\/vc_column_text][vc_row][vc_column][vc_single_image image=&#8221;21222&#8243; img_size=&#8221;Large&#8221; onclick=&#8221;custom_link&#8221; css=&#8221;&#8221; link=&#8221;https:\/\/kopse.org\/?p=20450&#8243;][vc_single_image image=&#8221;10925&#8243; img_size=&#8221;&#8221; alignment=&#8221;center&#8221; css=&#8221;&#8221; el_class=&#8221;kopse-logo-small&#8221;][\/vc_column][\/vc_row][vc_row][vc_column][vc_single_image image=&#8221;21223&#8243; img_size=&#8221;large&#8221; alignment=&#8221;center&#8221; onclick=&#8221;custom_link&#8221; css=&#8221;&#8221; link=&#8221;https:\/\/kopse.org\/?p=20669&#8243;][vc_single_image image=&#8221;10925&#8243; img_size=&#8221;&#8221; alignment=&#8221;center&#8221; css=&#8221;&#8221; el_class=&#8221;kopse-logo-small&#8221;][vc_column_text css=&#8221;&#8221;]\n<h4 style=\"text-align: center;\"><a href=\"https:\/\/kopse.org\/?p=20669\">\u00a0Tyt\u00f6t 2017-2019<\/a><\/h4>\n<p style=\"text-align: center;\"><strong>Joukkueenjohtaja<br \/>\n<\/strong>Vesa Hento<br \/>\nkopset171819@gmail.com<\/p>\n<p>\u00ad[\/vc_column_text][\/vc_column][\/vc_row][vc_row][vc_column][vc_single_image image=&#8221;10925&#8243; img_size=&#8221;&#8221; alignment=&#8221;center&#8221; css=&#8221;&#8221; el_class=&#8221;kopse-logo-small&#8221;][vc_column_text css=&#8221;&#8221;]\n<h4 style=\"text-align: center;\"><a href=\"https:\/\/kopse.org\/?p=21202\">Pojat ja Tyt\u00f6t 2020<\/a><\/h4>\n<p style=\"text-align: center;\"><strong>Joukkueenjohtaja<br \/>\n<\/strong>Mirkka Pyykk\u00f6<br \/>\nkopsetp2020@gmail.com<\/p>\n[\/vc_column_text][\/vc_column][\/vc_row]\n<\/div>","protected":false},"excerpt":{"rendered":"<p>[vc_row content_aligment=&#8221;center&#8221; css=&#8221;.vc_custom_1569224805305{margin-top: 30px !important;margin-right: 0px !important;margin-bottom: 20px !important;margin-left: -10px !important;padding-right: 0px !important;padding-left: 0px !important;}&#8221;][\/vc_row][vc_column css=&#8221;.vc_custom_1568981869948{margin-top: 0px !important;margin-right: 0px !important;margin-bottom: 0px !important;margin-left: 0px !important;border-bottom-width: 0px !important;border-left-width: 0px !important;padding-top: 0px !important;padding-right: 0px !important;padding-bottom: 0px !important;padding-left: 0px !important;border-left-style: solid !important;border-bottom-style: solid !important;}&#8221;][\/vc_column][vc_single_image image=&#8221;21219&#8243; img_size=&#8221;large&#8221; onclick=&#8221;custom_link&#8221; css=&#8221;.vc_custom_1759408508348{margin-bottom: 0px&#8230;<\/p>\n","protected":false},"author":1,"featured_media":0,"parent":0,"menu_order":0,"comment_status":"closed","ping_status":"closed","template":"","meta":{"_bbp_topic_count":0,"_bbp_reply_count":0,"_bbp_total_topic_count":0,"_bbp_total_reply_count":0,"_bbp_voice_count":0,"_bbp_anonymous_reply_count":0,"_bbp_topic_count_hidden":0,"_bbp_reply_count_hidden":0,"_bbp_forum_subforum_count":0,"footnotes":""},"class_list":["post-10466","page","type-page","status-publish","hentry"],"_links":{"self":[{"href":"https:\/\/kopse.org\/index.php?rest_route=\/wp\/v2\/pages\/10466","targetHints":{"allow":["GET"]}}],"collection":[{"href":"https:\/\/kopse.org\/index.php?rest_route=\/wp\/v2\/pages"}],"about":[{"href":"https:\/\/kopse.org\/index.php?rest_route=\/wp\/v2\/types\/page"}],"author":[{"embeddable":true,"href":"https:\/\/kopse.org\/index.php?rest_route=\/wp\/v2\/users\/1"}],"replies":[{"embeddable":true,"href":"https:\/\/kopse.org\/index.php?rest_route=%2Fwp%2Fv2%2Fcomments&post=10466"}],"version-history":[{"count":179,"href":"https:\/\/kopse.org\/index.php?rest_route=\/wp\/v2\/pages\/10466\/revisions"}],"predecessor-version":[{"id":21538,"href":"https:\/\/kopse.org\/index.php?rest_route=\/wp\/v2\/pages\/10466\/revisions\/21538"}],"wp:attachment":[{"href":"https:\/\/kopse.org\/index.php?rest_route=%2Fwp%2Fv2%2Fmedia&parent=10466"}],"curies":[{"name":"wp","href":"https:\/\/api.w.org\/{rel}","templated":true}]}}