{"id":10476,"date":"2019-05-05T16:27:00","date_gmt":"2019-05-05T16:27:00","guid":{"rendered":"http:\/\/31.217.192.125\/~kopseorg\/demo\/?page_id=10476"},"modified":"2026-02-24T11:56:43","modified_gmt":"2026-02-24T11:56:43","slug":"pojat","status":"publish","type":"page","link":"https:\/\/kopse.org\/?page_id=10476","title":{"rendered":"Pojat"},"content":{"rendered":"<div class=\"wpb-content-wrapper\">[vc_row content_aligment=&#8221;center&#8221; css=&#8221;.vc_custom_1579069909499{margin-top: 20px !important;margin-right: 0px !important;margin-bottom: 20px !important;margin-left: -10px !important;padding-right: 0px !important;padding-left: 0px !important;}&#8221;][vc_column css=&#8221;.vc_custom_1579070836653{margin-right: 0px !important;margin-bottom: 0px !important;margin-left: 0px !important;border-bottom-width: 0px !important;border-left-width: 0px !important;padding-top: 0px !important;padding-right: 0px !important;padding-bottom: 0px !important;padding-left: 0px !important;border-left-style: solid !important;border-bottom-style: solid !important;}&#8221;][vc_single_image image=&#8221;21225&#8243; img_size=&#8221;large&#8221; onclick=&#8221;custom_link&#8221; css=&#8221;&#8221; link=&#8221;p10.kopse.org&#8221;][vc_single_image image=&#8221;10925&#8243; img_size=&#8221;&#8221; alignment=&#8221;center&#8221; css=&#8221;.vc_custom_1569224292103{margin-top: 10px !important;}&#8221; el_class=&#8221;kopse-logo-small&#8221;][vc_column_text css=&#8221;.vc_custom_1759413986310{margin-right: 0px !important;margin-bottom: 20px !important;margin-left: 0px !important;}&#8221;]\n<h4 style=\"text-align: center;\"><a href=\"https:\/\/kopse.org\/?p=11608\">Pojat 2010<\/a><\/h4>\n<p style=\"text-align: center;\"><strong>Joukkueenjohtaja<br \/>\n<\/strong>Kati Pyykk\u00f6<br \/>\nkopsep2010jojo@gmail.com<\/p>\n[\/vc_column_text][vc_single_image image=&#8221;21217&#8243; img_size=&#8221;large&#8221; onclick=&#8221;custom_link&#8221; css=&#8221;&#8221; link=&#8221;p12.kopse.org&#8221;][vc_single_image image=&#8221;10925&#8243; img_size=&#8221;&#8221; alignment=&#8221;center&#8221; css=&#8221;.vc_custom_1569224308427{margin-top: 10px !important;}&#8221; el_class=&#8221;kopse-logo-small&#8221;][vc_column_text css=&#8221;.vc_custom_1759413999127{margin-bottom: 20px !important;}&#8221;]\n<h4 style=\"text-align: center;\"><a href=\"https:\/\/kopse.org\/?p=11627\">Pojat 2012<\/a><\/h4>\n<p style=\"text-align: center;\"><strong>Joukkueenjohtaja<br \/>\n<\/strong>Mila Helenius<br \/>\nkopsept2012(at)gmail.com<br \/>\n040 7074 787<\/p>\n[\/vc_column_text][vc_single_image image=&#8221;21228&#8243; img_size=&#8221;large&#8221; onclick=&#8221;custom_link&#8221; css=&#8221;&#8221; link=&#8221;p13.kopse.org&#8221;][vc_single_image image=&#8221;10925&#8243; img_size=&#8221;&#8221; alignment=&#8221;center&#8221; css=&#8221;.vc_custom_1569224316245{margin-top: 10px !important;}&#8221; el_class=&#8221;kopse-logo-small&#8221;][vc_column_text css=&#8221;.vc_custom_1759414018396{margin-right: 0px !important;margin-bottom: 20px !important;margin-left: 0px !important;}&#8221;]\n<h4 style=\"text-align: center;\"><a href=\"https:\/\/kopse.org\/?p=11640\">Pojat 2013<\/a><\/h4>\n<p style=\"text-align: center;\"><strong>Joukkueenjohtaja<br \/>\n<\/strong>Jukka M\u00e4kel\u00e4<br \/>\nkopse13jojo@gmail.com<br \/>\n040 7393 758<\/p>\n[\/vc_column_text][vc_single_image image=&#8221;21215&#8243; img_size=&#8221;large&#8221; alignment=&#8221;center&#8221; onclick=&#8221;custom_link&#8221; css=&#8221;&#8221; link=&#8221;https:\/\/p14.kopse.org\/&#8221;][vc_single_image image=&#8221;10925&#8243; img_size=&#8221;&#8221; alignment=&#8221;center&#8221; css=&#8221;.vc_custom_1569224316245{margin-top: 10px !important;}&#8221; el_class=&#8221;kopse-logo-small&#8221;][vc_column_text css=&#8221;.vc_custom_1759414037254{margin-right: 0px !important;margin-bottom: 20px !important;margin-left: 0px !important;}&#8221;]\n<h4 style=\"text-align: center;\"><a href=\"https:\/\/PT14.kopse.org\">Pojat 2014<\/a><\/h4>\n<p style=\"text-align: center;\"><strong>Joukkueenjohtaja<br \/>\n<\/strong>Jenni Nurkki<br \/>\nkopsep14jojo(at)gmail.com<\/p>\n<p>\u00ad<\/p>\n[\/vc_column_text][vc_single_image image=&#8221;21218&#8243; img_size=&#8221;large&#8221; alignment=&#8221;center&#8221; onclick=&#8221;custom_link&#8221; css=&#8221;&#8221; link=&#8221;https:\/\/p15.kopse.org\/&#8221;][vc_single_image image=&#8221;10925&#8243; img_size=&#8221;&#8221; alignment=&#8221;center&#8221; css=&#8221;.vc_custom_1569224316245{margin-top: 10px !important;}&#8221; el_class=&#8221;kopse-logo-small&#8221;][vc_column_text css=&#8221;&#8221;]\n<h4 style=\"text-align: center;\"><a href=\"https:\/\/kopse.org\/?p=16480\">Pojat 2015<\/a><\/h4>\n<p style=\"text-align: center;\"><strong>Joukkueenjohtajat:<\/strong><br \/>\nPiia Railakari <em>(Pelaajat)<strong><br \/>\n<\/strong><\/em>Sami Lempi\u00e4inen <em>(Harjoitukset &amp; Pelit)<\/em><\/p>\n<p style=\"text-align: center;\">kopse.p15.joukkueenjohto@gmail.com<\/p>\n<p>&nbsp;<\/p>\n<p>\u00ad[\/vc_column_text][vc_single_image image=&#8221;21214&#8243; img_size=&#8221;large&#8221; alignment=&#8221;center&#8221; onclick=&#8221;custom_link&#8221; css=&#8221;&#8221; link=&#8221;https:\/\/p16.kopse.org\/&#8221;][vc_single_image image=&#8221;10925&#8243; img_size=&#8221;&#8221; alignment=&#8221;center&#8221; css=&#8221;.vc_custom_1569224316245{margin-top: 10px !important;}&#8221; el_class=&#8221;kopse-logo-small&#8221;][vc_column_text css=&#8221;&#8221;]\n<h4 style=\"text-align: center;\"><a href=\"https:\/\/p16.kopse.org\">Pojat 2016<\/a><\/h4>\n<p style=\"text-align: center;\"><strong>Joukkueenjohtajat<br \/>\n<\/strong>Mikael Vilppola<br \/>\nkopsep16@outlook.com<\/p>\n<p>\u00ad[\/vc_column_text][vc_single_image image=&#8221;21216&#8243; img_size=&#8221;large&#8221; alignment=&#8221;center&#8221; onclick=&#8221;custom_link&#8221; css=&#8221;&#8221; link=&#8221;https:\/\/kopse.org\/?p=18436&#8243;][vc_single_image image=&#8221;10925&#8243; img_size=&#8221;&#8221; alignment=&#8221;center&#8221; css=&#8221;.vc_custom_1569224316245{margin-top: 10px !important;}&#8221; el_class=&#8221;kopse-logo-small&#8221;][vc_column_text css=&#8221;&#8221;]\n<h4 style=\"text-align: center;\"><a href=\"https:\/\/kopse.org\/?p=18436\">Pojat 2017<\/a><\/h4>\n<p style=\"text-align: center;\"><strong>Joukkueenjohtaja<br \/>\n<\/strong>Filippa V\u00e4\u00e4n\u00e4nen<br \/>\nfilippa.vaananen@gmail.com<\/p>\n<p>\u00ad[\/vc_column_text][vc_single_image image=&#8221;21221&#8243; img_size=&#8221;large&#8221; onclick=&#8221;custom_link&#8221; css=&#8221;&#8221; link=&#8221;https:\/\/kopse.org\/?p=19262&#8243;][vc_single_image image=&#8221;10925&#8243; img_size=&#8221;&#8221; alignment=&#8221;center&#8221; el_class=&#8221;kopse-logo-small&#8221;][vc_column_text css=&#8221;&#8221;]\n<h4 style=\"text-align: center;\"><a href=\"https:\/\/kopse.org\/?p=19262\">Pojat 2018<\/a><\/h4>\n<p style=\"text-align: center;\"><strong>Joukkueenjohtajat<br \/>\n<\/strong>Nelli Pennanen<br \/>\nSami Kirjalainen<br \/>\nkopse2018@gmail.com<\/p>\n<p>\u00ad[\/vc_column_text][vc_single_image image=&#8221;21224&#8243; img_size=&#8221;large&#8221; alignment=&#8221;center&#8221; onclick=&#8221;custom_link&#8221; css=&#8221;&#8221; link=&#8221;https:\/\/kopse.org\/?p=20894&#8243;][vc_single_image image=&#8221;10925&#8243; img_size=&#8221;&#8221; alignment=&#8221;center&#8221; el_class=&#8221;kopse-logo-small&#8221;][vc_column_text css=&#8221;&#8221;]\n<h4 style=\"text-align: center;\"><a href=\"https:\/\/kopse.org\/?p=20894\">Pojat 2019<\/a><\/h4>\n<p style=\"text-align: center;\"><strong>Joukkueenjohtaja<br \/>\n<\/strong>Tuomas Vesalainen<br \/>\nkopse.p19@gmail.com<\/p>\n<p>\u00ad[\/vc_column_text][vc_row_inner][vc_column_inner][vc_column_text css=&#8221;&#8221;]\u00ad[\/vc_column_text][\/vc_column_inner][\/vc_row_inner][vc_single_image image=&#8221;10925&#8243; img_size=&#8221;&#8221; alignment=&#8221;center&#8221; el_class=&#8221;kopse-logo-small&#8221;][vc_column_text css=&#8221;&#8221;]\n<h4 style=\"text-align: center;\"><a href=\"https:\/\/kopse.org\/?p=21202\">Pojat ja Tyt\u00f6t 2020<\/a><\/h4>\n<p style=\"text-align: center;\"><strong>Joukkueenjohtaja<br \/>\n<\/strong>Mirkka Pyykk\u00f6<br \/>\nkopsetp2020@gmail.com<\/p>\n[\/vc_column_text][\/vc_column][\/vc_row]\n<\/div>","protected":false},"excerpt":{"rendered":"<p>[vc_row content_aligment=&#8221;center&#8221; css=&#8221;.vc_custom_1579069909499{margin-top: 20px !important;margin-right: 0px !important;margin-bottom: 20px !important;margin-left: -10px !important;padding-right: 0px !important;padding-left: 0px !important;}&#8221;][vc_column css=&#8221;.vc_custom_1579070836653{margin-right: 0px !important;margin-bottom: 0px !important;margin-left: 0px !important;border-bottom-width: 0px !important;border-left-width: 0px !important;padding-top: 0px !important;padding-right: 0px !important;padding-bottom: 0px !important;padding-left: 0px !important;border-left-style: solid !important;border-bottom-style: solid !important;}&#8221;][vc_single_image image=&#8221;21225&#8243; img_size=&#8221;large&#8221; onclick=&#8221;custom_link&#8221; css=&#8221;&#8221; link=&#8221;p10.kopse.org&#8221;][vc_single_image image=&#8221;10925&#8243; img_size=&#8221;&#8221;&#8230;<\/p>\n","protected":false},"author":1,"featured_media":0,"parent":0,"menu_order":0,"comment_status":"closed","ping_status":"closed","template":"","meta":{"_bbp_topic_count":0,"_bbp_reply_count":0,"_bbp_total_topic_count":0,"_bbp_total_reply_count":0,"_bbp_voice_count":0,"_bbp_anonymous_reply_count":0,"_bbp_topic_count_hidden":0,"_bbp_reply_count_hidden":0,"_bbp_forum_subforum_count":0,"footnotes":""},"class_list":["post-10476","page","type-page","status-publish","hentry"],"_links":{"self":[{"href":"https:\/\/kopse.org\/index.php?rest_route=\/wp\/v2\/pages\/10476","targetHints":{"allow":["GET"]}}],"collection":[{"href":"https:\/\/kopse.org\/index.php?rest_route=\/wp\/v2\/pages"}],"about":[{"href":"https:\/\/kopse.org\/index.php?rest_route=\/wp\/v2\/types\/page"}],"author":[{"embeddable":true,"href":"https:\/\/kopse.org\/index.php?rest_route=\/wp\/v2\/users\/1"}],"replies":[{"embeddable":true,"href":"https:\/\/kopse.org\/index.php?rest_route=%2Fwp%2Fv2%2Fcomments&post=10476"}],"version-history":[{"count":335,"href":"https:\/\/kopse.org\/index.php?rest_route=\/wp\/v2\/pages\/10476\/revisions"}],"predecessor-version":[{"id":21489,"href":"https:\/\/kopse.org\/index.php?rest_route=\/wp\/v2\/pages\/10476\/revisions\/21489"}],"wp:attachment":[{"href":"https:\/\/kopse.org\/index.php?rest_route=%2Fwp%2Fv2%2Fmedia&parent=10476"}],"curies":[{"name":"wp","href":"https:\/\/api.w.org\/{rel}","templated":true}]}}