{"id":10499,"date":"2019-05-05T18:03:30","date_gmt":"2019-05-05T18:03:30","guid":{"rendered":"http:\/\/31.217.192.125\/~kopseorg\/demo\/?page_id=10499"},"modified":"2024-04-02T14:53:15","modified_gmt":"2024-04-02T14:53:15","slug":"miten-aloitan","status":"publish","type":"page","link":"https:\/\/kopse.org\/?page_id=10499","title":{"rendered":"Pelaaminen Kopsessa"},"content":{"rendered":"\n<h2 class=\"wp-block-heading\">Kun aloitat pelaamisen<\/h2>\n\n\n\n<p>Ota mukaan hyv\u00e4 mieli, laita p\u00e4\u00e4lle urheilulliset vaatteet ja t\u00e4yt\u00e4 juomapullo vedell\u00e4! Kokeilukaudella voit pelata lenkkareissa tai nappiksilla. <br>Pue p\u00e4\u00e4lle my\u00f6s s\u00e4\u00e4risuojat, ne ovat pakolliset, koska ne suojaavat kovilta potkuilta.<\/p>\n\n\n\n<h4 class=\"wp-block-heading\">Kopselaisena olet vihre\u00e4, musta ja valkoinen<\/h4>\n\n\n\n<p>Treenaamisen voit aloittaa v\u00e4hill\u00e4 v\u00e4lineill\u00e4, mutta peleiss\u00e4 tarvitset lis\u00e4ksi joukkueen edustusasun eli<\/p>\n\n\n<div class=\"su-list\" style=\"margin-left:0px\">\n\n\n\n<ul class=\"wp-block-list\">\n<li><i class=\"sui sui-caret-right\" style=\"color:#06B35C\"><\/i> kaksi pelipaitaa (koti- ja vieraspelipaita)<\/li>\n\n\n\n<li><i class=\"sui sui-caret-right\" style=\"color:#06B35C\"><\/i> mustat shortsit, hiekkahousut tai mustat verkkarit<\/li>\n\n\n\n<li><i class=\"sui sui-caret-right\" style=\"color:#06B35C\"><\/i> vihre\u00e4t sukat&nbsp;<\/li>\n\n\n\n<li><i class=\"sui sui-caret-right\" style=\"color:#06B35C\"><\/i> nappikset, jotka sopivat tekonurmelle<\/li>\n<\/ul>\n\n\n<\/div>\n\n\n<p>Tilaa varusteesi Korson Palloseuran <a href=\"https:\/\/seurakauppa.intersport.fi\/\">varustekaupan<\/a> kautta. Joukkueen toimihenkil\u00f6t kertovat tarvittaessa lis\u00e4\u00e4 varusteista.<\/p>\n\n\n<h4 class=\"wp-block-heading\">Muista vakuutus ja Pelipassi<\/h4>\n\n\n<p><span style=\"font-weight: 400;\">Jokainen pelaaja tarvitsee vakuutuksen, joka kattaa seura- ja kilpailutoiminnan, mutta on my\u00f6s voimassa treeneiss\u00e4.<\/span><\/p>\n<p><span style=\"font-weight: 400;\">Suomen Palloliiton sarjapeleihin tarvitset lis\u00e4ksi Pelipassin. <\/span><span style=\"font-weight: 400;\">&nbsp;<\/span><span style=\"font-weight: 400;\">Mik\u00e4li sinulla ei ole vakuutusta, voit ostaa Pelipassin yhteydess\u00e4 my\u00f6s vakuutuksen.<\/span><\/p>\n<p><span style=\"font-weight: 400;\">Tutustu tarkemmin pelipassiin ja vakuutuksiin <a href=\"https:\/\/www.palloliitto.fi\/jalkapalloperhe\/palvelut-seuroille\/pelipaikka\/pelipassit-ja-vakuutukset\" target=\"_blank\" rel=\"noopener noreferrer\">Palloliiton<\/a> <\/span>sivuilla<span style=\"font-weight: 400;\">. <\/span><\/p>\n\n\n<p>&nbsp;<\/p>\n","protected":false},"excerpt":{"rendered":"<p>Kun aloitat pelaamisen Ota mukaan hyv\u00e4 mieli, laita p\u00e4\u00e4lle urheilulliset vaatteet ja t\u00e4yt\u00e4 juomapullo vedell\u00e4! Kokeilukaudella voit pelata lenkkareissa tai nappiksilla. Pue p\u00e4\u00e4lle my\u00f6s s\u00e4\u00e4risuojat, ne ovat pakolliset, koska ne suojaavat kovilta potkuilta. Kopselaisena olet vihre\u00e4, musta ja valkoinen Treenaamisen voit aloittaa v\u00e4hill\u00e4 v\u00e4lineill\u00e4, mutta&#8230;<\/p>\n","protected":false},"author":1,"featured_media":0,"parent":18,"menu_order":0,"comment_status":"closed","ping_status":"closed","template":"","meta":{"_bbp_topic_count":0,"_bbp_reply_count":0,"_bbp_total_topic_count":0,"_bbp_total_reply_count":0,"_bbp_voice_count":0,"_bbp_anonymous_reply_count":0,"_bbp_topic_count_hidden":0,"_bbp_reply_count_hidden":0,"_bbp_forum_subforum_count":0,"footnotes":""},"class_list":["post-10499","page","type-page","status-publish","hentry"],"_links":{"self":[{"href":"https:\/\/kopse.org\/index.php?rest_route=\/wp\/v2\/pages\/10499","targetHints":{"allow":["GET"]}}],"collection":[{"href":"https:\/\/kopse.org\/index.php?rest_route=\/wp\/v2\/pages"}],"about":[{"href":"https:\/\/kopse.org\/index.php?rest_route=\/wp\/v2\/types\/page"}],"author":[{"embeddable":true,"href":"https:\/\/kopse.org\/index.php?rest_route=\/wp\/v2\/users\/1"}],"replies":[{"embeddable":true,"href":"https:\/\/kopse.org\/index.php?rest_route=%2Fwp%2Fv2%2Fcomments&post=10499"}],"version-history":[{"count":60,"href":"https:\/\/kopse.org\/index.php?rest_route=\/wp\/v2\/pages\/10499\/revisions"}],"predecessor-version":[{"id":20098,"href":"https:\/\/kopse.org\/index.php?rest_route=\/wp\/v2\/pages\/10499\/revisions\/20098"}],"up":[{"embeddable":true,"href":"https:\/\/kopse.org\/index.php?rest_route=\/wp\/v2\/pages\/18"}],"wp:attachment":[{"href":"https:\/\/kopse.org\/index.php?rest_route=%2Fwp%2Fv2%2Fmedia&parent=10499"}],"curies":[{"name":"wp","href":"https:\/\/api.w.org\/{rel}","templated":true}]}}