{"id":10513,"date":"2019-05-05T18:11:28","date_gmt":"2019-05-05T18:11:28","guid":{"rendered":"http:\/\/31.217.192.125\/~kopseorg\/demo\/?page_id=10513"},"modified":"2026-01-22T14:02:36","modified_gmt":"2026-01-22T14:02:36","slug":"mita-maksaa","status":"publish","type":"page","link":"https:\/\/kopse.org\/?page_id=10513","title":{"rendered":"Mit\u00e4 maksaa?"},"content":{"rendered":"<div class=\"wpb-content-wrapper\">[vc_row][vc_column][vc_column_text css=&#8221;&#8221;]<span style=\"font-weight: 400;\">Kopsessa pelaamisen kustannukset muodostuvat vuosittaisesta Kopsen seuramaksusta, Palloliiton Pelipassista ja joukkueen ker\u00e4\u00e4m\u00e4st\u00e4 kuukausittaisista joukkuemaksusta.<\/span><\/p>\n<p><span style=\"font-weight: 400;\">Kaikki maksut tulevat Myclub palvelun kautta. J\u00e4senmaksut laskutetaan helmikuussa tai uuden j\u00e4senen liitytty\u00e4 seuraan.<\/span><\/p>\n<div class=\"su-list custom-list\" style=\"margin-left:0px\">\n<h3>J\u00c4SENMAKSUT VUONNA 2026<\/h3>\n<p><strong>Perusj\u00e4senmaksu on 170 \u20ac.<\/strong> K\u00e4yt\u00f6ss\u00e4 ovat alennuskategoriat, joiden mukaan perusj\u00e4senyys on elokuussa aloittavilta 100 \u20ac, syyskuussa aloittavilta 90 \u20ac, lokakuussa aloittavilta 80 \u20ac ja marras- ja joulukuussa aloittavilta laskutetaan vain varsinaisen j\u00e4senmaksun osuus (20 \u20ac).<\/p>\n<p><strong>Perhej\u00e4senmaksu on 260 \u20ac.<\/strong> Ensimm\u00e4isest\u00e4 perheenj\u00e4senest\u00e4 maksetaan 170 \u20ac, toisesta 90 \u20ac ja seuraavista ei makseta mit\u00e4\u00e4n. Kaikki perheenj\u00e4senet katsotaan seuran varsinaisiksi j\u00e4seniksi, koska perhej\u00e4senmaksun katsotaan sis\u00e4lt\u00e4v\u00e4n kaikkien perheenj\u00e4senten varsinaisen j\u00e4senmaksun osuuden (20 \u20ac).<\/p>\n<p><strong>Aikuis-, harraste- ja kes\u00e4j\u00e4senmaksu 80 \u20ac.<br \/>\n<\/strong><strong>Kannatusj\u00e4senmaksu yksityisille 30 \u20ac.<\/strong><br \/>\n<strong>Kannatusj\u00e4senmaksu yhteis\u00f6ille 500 \u20ac.<\/strong><\/p>\n<p>Kaikki edell\u00e4 mainitut maksut pois lukien kannatusj\u00e4senmaksut sis\u00e4lt\u00e4v\u00e4t 20 euroa varsinaista j\u00e4senmaksun osuutta ja loppusumma on toimintamaksua, jolla katetaan seuran toiminnan j\u00e4rjest\u00e4misest\u00e4 aiheutuvia kuluja.<\/p>\n<h3>MUUT MAKSUT<\/h3>\n<ul>\n<li><i class=\"sui sui-caret-right\" style=\"color:#06B35C\"><\/i> Pelipassi on Palloliiton vuosittain m\u00e4\u00e4rittelem\u00e4 lisenssi, joka antaa oikeuden pelata virallisissa otteluissa. Se on pakollinen kaikille nuorille ja ylemmill\u00e4 sarjatasoilla pelaaville. Hinta on 10\u201350 euroa vuodessa. Lisenssin mukaan voi ostaa my\u00f6s vakuutuksen. Tutustu tarkemmin Palloliiton <a href=\"https:\/\/www.palloliitto.fi\/palvelut\/digitaaliset-jasenpalvelut\/pelipaikka-pelipassit-ja-vakuutukset\" target=\"_blank\" rel=\"noreferrer noopener\" aria-label=\" (avautuu uudessa v\u00e4lilehdess\u00e4)\">sivuilta<\/a>.<\/li>\n<li><i class=\"sui sui-caret-right\" style=\"color:#06B35C\"><\/i> Joukkueen kuukausimaksu, joka kattaa valmentajien palkat ja kentt\u00e4vuorot<\/li>\n<li><i class=\"sui sui-caret-right\" style=\"color:#06B35C\"><\/i> Turnaukset ja harjoittelu- sek\u00e4 pelimatkat maksetaan erikseen<\/li>\n<li><i class=\"sui sui-caret-right\" style=\"color:#06B35C\"><\/i> Aikuisille hyv\u00e4ksymme my\u00f6s seuraavat liikuntasetelit: Edenred, Smartum ja ePassi<\/li>\n<\/ul>\n<h3>HUOMIOITAVAA MAKSUISSA EROTESSA SEURASTA<\/h3>\n<ul>\n<li><i class=\"sui sui-caret-right\" style=\"color:#06B35C\"><\/i> Kun pelaaja lopettaa ja ilmoittaa joukkueenjohtajalle eroavansa seurasta, niin pelajaalla on\u00a0 joukkuemaksujen maksuveloite irtisanoutumiskuukauden ja sit\u00e4 seuraavan kuukauden osalta. Pelaajalla on oikeus osallistua toimintaan (esim. harjoituksiin) koko t\u00e4ll\u00e4 ajalla.<\/li>\n<li><i class=\"sui sui-caret-right\" style=\"color:#06B35C\"><\/i> Huom! Jos pelaaja siirtyy seuran sis\u00e4ll\u00e4 toiseen joukkueeseen, niin joukkuemaksujen osalta vanhaan joukkueeseen maksetaan joukkuemaksut siirtymiskuukauden loppuun. Seuraavasta kuukaudesta eteenp\u00e4in joukkuemaksu uuteen joukkueeseen.<\/li>\n<li><i class=\"sui sui-caret-right\" style=\"color:#06B35C\"><\/i> J\u00e4senmaksut luodaan kaikille, jotka ovat seurassa kirjoilla vuoden alussa. Jos olet lopettamassa seurassa, niin huolehdi, ett\u00e4 lopetusilmoitus on tehty ennen vuodenvaihdetta. Mik\u00e4li olet seuran j\u00e4sen, kun j\u00e4senmaksut luodaan tammikuussa, niin j\u00e4senell\u00e4 on j\u00e4senmaksuvelvollisuus kuluvalle vuodelle.<\/li>\n<\/ul>\n<h3>In English<\/h3>\n<p>The cost of playing in KOPSE consists of the annual KOPSE club fee, the Football Association Passport and the monthly team fee collected by the team.<\/p>\n<p>All payments come through the Myclub service. The membership fees are invoiced in February or when a new member joins the club.<\/p>\n<h3>MEMBERSHIP FEES IN <span style=\"color: #ff0000;\">2026<\/span><\/h3>\n<p><strong>The basic membership fee is \u20ac 170. <\/strong>There are discount categories in use according to which basic membership is \u20ac100 for those starting in August, \u20ac90 for those starting in September, \u20ac80 for those starting in October and \u20ac80 for those starting in November and December<br \/>\nonly the part of the actual membership fee (\u20ac20).<\/p>\n<p><strong>The family membership fee is \u20ac 260<\/strong>. \u20ac170 is paid for the first family member, \u20ac90 for the second one and nothing is paid for the following ones. All family members are considered full members of the club, because the family membership fee is considered containing all family members&#8217; share of the actual membership fee (\u20ac20).<\/p>\n<p><strong>The adult and hobby membership fee is \u20ac 80. <\/strong>(No discounts)<\/p>\n<p><strong>The summer membership fee is \u20ac 80. <\/strong>(No discounts)<\/p>\n<p><strong>The support membership fee for individuals is \u20ac 30.<\/strong><\/p>\n<p><strong>The membership fee for companies and organizations is \u20ac 500.<\/strong><\/p>\n<h3>OTHER PAYMENTS<\/h3>\n<ul>\n<li><i class=\"sui sui-caret-right\" style=\"color:#06B35C\"><\/i> <strong>The game pass is a license defined annually by the Football Association, which gives the right to play in official matches.<\/strong> It is mandatory for all young people and those playing in the upper leagues. The price is 10\u201350 euros per year. According to the license, you can also buy insurance. Find out more on the Finnish Football Association&#8217;s <a href=\"https:\/\/www.palloliitto.fi\/palvelut\/digitaaliset-jasenpalvelut\/pelipaikka-pelipassit-ja-vakuutukset\">website<\/a><\/li>\n<li><i class=\"sui sui-caret-right\" style=\"color:#06B35C\"><\/i> A monthly team fee that covers coaches \u2019salaries and field shifts<\/li>\n<li><i class=\"sui sui-caret-right\" style=\"color:#06B35C\"><\/i> Tournaments and practice and game trips are paid separately.<\/li>\n<li><i class=\"sui sui-caret-right\" style=\"color:#06B35C\"><\/i> For adults, we also accept the following exercise vouchers: Eazybreak, Edenred, Smartum and ePassi<\/li>\n<\/ul>\n<\/div>\n<h3>NOTES ON PAYMENTS WHEN LEAVING THE CLUB<\/h3>\n<ul>\n<li>When the player quits and informs the team manager that he is leaving the club, the player has a payment charge for team fees for the month of termination and the following month.The player has the right to participate in activities (e.g. training) during this entire time.<\/li>\n<li>Note! If a player transfers to another team within the club, then with regard to team fees, team fees are paid to the old team until the end of the transfer month. Starting next month, team fee for a new team.<\/li>\n<li>Membership fees are created for everyone who is registered with the club at the beginning of the year. If you are leaving the club, make sure that the notice of termination is made before the end of the year. If you are a member of the club when the membership fees are created in January, the member is obligated to pay membership fees for the current year.<\/li>\n<\/ul>\n[\/vc_column_text][\/vc_column][\/vc_row]\n<\/div>","protected":false},"excerpt":{"rendered":"<p>[vc_row][vc_column][vc_column_text css=&#8221;&#8221;]Kopsessa pelaamisen kustannukset muodostuvat vuosittaisesta Kopsen seuramaksusta, Palloliiton Pelipassista ja joukkueen ker\u00e4\u00e4m\u00e4st\u00e4 kuukausittaisista joukkuemaksusta. Kaikki maksut tulevat Myclub palvelun kautta. J\u00e4senmaksut laskutetaan helmikuussa tai uuden j\u00e4senen liitytty\u00e4 seuraan. NOTES ON PAYMENTS WHEN LEAVING THE CLUB When the player quits and informs the team manager&#8230;<\/p>\n","protected":false},"author":1,"featured_media":0,"parent":0,"menu_order":0,"comment_status":"closed","ping_status":"closed","template":"","meta":{"_bbp_topic_count":0,"_bbp_reply_count":0,"_bbp_total_topic_count":0,"_bbp_total_reply_count":0,"_bbp_voice_count":0,"_bbp_anonymous_reply_count":0,"_bbp_topic_count_hidden":0,"_bbp_reply_count_hidden":0,"_bbp_forum_subforum_count":0,"footnotes":""},"class_list":["post-10513","page","type-page","status-publish","hentry"],"_links":{"self":[{"href":"https:\/\/kopse.org\/index.php?rest_route=\/wp\/v2\/pages\/10513","targetHints":{"allow":["GET"]}}],"collection":[{"href":"https:\/\/kopse.org\/index.php?rest_route=\/wp\/v2\/pages"}],"about":[{"href":"https:\/\/kopse.org\/index.php?rest_route=\/wp\/v2\/types\/page"}],"author":[{"embeddable":true,"href":"https:\/\/kopse.org\/index.php?rest_route=\/wp\/v2\/users\/1"}],"replies":[{"embeddable":true,"href":"https:\/\/kopse.org\/index.php?rest_route=%2Fwp%2Fv2%2Fcomments&post=10513"}],"version-history":[{"count":59,"href":"https:\/\/kopse.org\/index.php?rest_route=\/wp\/v2\/pages\/10513\/revisions"}],"predecessor-version":[{"id":21463,"href":"https:\/\/kopse.org\/index.php?rest_route=\/wp\/v2\/pages\/10513\/revisions\/21463"}],"wp:attachment":[{"href":"https:\/\/kopse.org\/index.php?rest_route=%2Fwp%2Fv2%2Fmedia&parent=10513"}],"curies":[{"name":"wp","href":"https:\/\/api.w.org\/{rel}","templated":true}]}}