{"id":10861,"date":"2019-07-26T11:30:31","date_gmt":"2019-07-26T11:30:31","guid":{"rendered":"http:\/\/31.217.192.125\/~kopseorg\/demo\/?page_id=10861"},"modified":"2024-04-02T06:58:05","modified_gmt":"2024-04-02T06:58:05","slug":"pelinohjaaja-tai-toimihenkilo","status":"publish","type":"page","link":"https:\/\/kopse.org\/?page_id=10861","title":{"rendered":"Pelinohjaaja tai toimihenkil\u00f6"},"content":{"rendered":"<h2><b>Kiinnostaako sinua my\u00f6s pelien vihelt\u00e4minen tai valmentaminen?<\/b><\/h2>\n<p><span style=\"font-weight: 400;\">Kun olet v\u00e4hint\u00e4\u00e4n 13 vuotta ja olet suorittanut pelinohjaajakurssin, voit alkaa vihelt\u00e4m\u00e4\u00e4n pienimpien pelej\u00e4. Tuomarikurssin voit suorittaa t\u00e4ytetty\u00e4si 15 vuotta. Kysy lis\u00e4\u00e4 seuran toiminnanjohtajalta.<\/span><\/p>\n<p><span style=\"font-weight: 400;\">Valmennuksen voit aloittaa 15 vuoden i\u00e4ss\u00e4 suoritettuasi valmentajakoulutuksen. Jos sinua kiinnostaa valmennusteht\u00e4v\u00e4t, ota yhteys Kopsen valmennusp\u00e4\u00e4llikk\u00f6\u00f6n.\u00a0<\/span><\/p>\n<h4><b>Tule toimihenkil\u00f6ksi<\/b><\/h4>\n<p><span style=\"font-weight: 400;\">Jokaisessa joukkueessa on aina yksi vastuuvalmentaja, valmentajia, joukkueenjohtaja, rahastonhoitaja sek\u00e4 huoltaja\/ia. Joukkueen toimihenkil\u00f6t valitaan vanhempainkokouksissa.<\/span><\/p>\n<p>Jojoille ja rahoille opas l\u00f6ytyy <a href=\"https:\/\/kopse.org\/wp-content\/uploads\/2024\/04\/KOPSE_-jojo_rahuri_kasikirja_v2.1-1.pdf\" target=\"_blank\" rel=\"noopener\">t\u00e4\u00e4lt\u00e4<\/a><\/p>\n<p><span style=\"font-weight: 400;\">Tule mukaan, sill\u00e4 vapaaehtoisia tarvitaan aina!<\/span><\/p>\n","protected":false},"excerpt":{"rendered":"<p>Kiinnostaako sinua my\u00f6s pelien vihelt\u00e4minen tai valmentaminen? Kun olet v\u00e4hint\u00e4\u00e4n 13 vuotta ja olet suorittanut pelinohjaajakurssin, voit alkaa vihelt\u00e4m\u00e4\u00e4n pienimpien pelej\u00e4. Tuomarikurssin voit suorittaa t\u00e4ytetty\u00e4si 15 vuotta. Kysy lis\u00e4\u00e4 seuran toiminnanjohtajalta. Valmennuksen voit aloittaa 15 vuoden i\u00e4ss\u00e4 suoritettuasi valmentajakoulutuksen. Jos sinua kiinnostaa valmennusteht\u00e4v\u00e4t, ota yhteys&#8230;<\/p>\n","protected":false},"author":1,"featured_media":0,"parent":0,"menu_order":0,"comment_status":"closed","ping_status":"closed","template":"","meta":{"_bbp_topic_count":0,"_bbp_reply_count":0,"_bbp_total_topic_count":0,"_bbp_total_reply_count":0,"_bbp_voice_count":0,"_bbp_anonymous_reply_count":0,"_bbp_topic_count_hidden":0,"_bbp_reply_count_hidden":0,"_bbp_forum_subforum_count":0,"footnotes":""},"class_list":["post-10861","page","type-page","status-publish","hentry"],"_links":{"self":[{"href":"https:\/\/kopse.org\/index.php?rest_route=\/wp\/v2\/pages\/10861","targetHints":{"allow":["GET"]}}],"collection":[{"href":"https:\/\/kopse.org\/index.php?rest_route=\/wp\/v2\/pages"}],"about":[{"href":"https:\/\/kopse.org\/index.php?rest_route=\/wp\/v2\/types\/page"}],"author":[{"embeddable":true,"href":"https:\/\/kopse.org\/index.php?rest_route=\/wp\/v2\/users\/1"}],"replies":[{"embeddable":true,"href":"https:\/\/kopse.org\/index.php?rest_route=%2Fwp%2Fv2%2Fcomments&post=10861"}],"version-history":[{"count":12,"href":"https:\/\/kopse.org\/index.php?rest_route=\/wp\/v2\/pages\/10861\/revisions"}],"predecessor-version":[{"id":20097,"href":"https:\/\/kopse.org\/index.php?rest_route=\/wp\/v2\/pages\/10861\/revisions\/20097"}],"wp:attachment":[{"href":"https:\/\/kopse.org\/index.php?rest_route=%2Fwp%2Fv2%2Fmedia&parent=10861"}],"curies":[{"name":"wp","href":"https:\/\/api.w.org\/{rel}","templated":true}]}}