{"id":10864,"date":"2019-07-26T11:31:57","date_gmt":"2019-07-26T11:31:57","guid":{"rendered":"http:\/\/31.217.192.125\/~kopseorg\/demo\/?page_id=10864"},"modified":"2020-01-25T20:27:08","modified_gmt":"2020-01-25T20:27:08","slug":"vanhemman-rooli","status":"publish","type":"page","link":"https:\/\/kopse.org\/?page_id=10864","title":{"rendered":"Vanhemman rooli"},"content":{"rendered":"<h2><b>Vanhemman rooli pelaajan harrastuksessa<br \/>\n&#8211; kannusta, kustanna ja kuskaa!<\/b><\/h2>\n<p><strong>Kannustamme sinua seuraamaan lapsesi treenej\u00e4 ja pelej\u00e4 &#8211; se innostaa lasta pelaajan i\u00e4st\u00e4 riippumatta!<\/strong><\/p>\n<p><span style=\"font-weight: 400;\">Vanhemman teht\u00e4v\u00e4n\u00e4 on osallistua joukkueen yhteiseen p\u00e4\u00e4t\u00f6ksentekoon vanhempainilloissa sek\u00e4 osallistua joukkueen toimihenkil\u00f6teht\u00e4viin. Toimihenkil\u00f6t valitaan vanhempainilloissa ja he ty\u00f6skentelev\u00e4t vapaaehtoisperiaatteella.<\/span><\/p>\n<p><span style=\"font-weight: 400;\">Kannustamme kimppakyytien sopimiseen joukkueessa. Joukkueen vanhempien omassa WhatsApp-ryhm\u00e4ss\u00e4 sovitte kyydeist\u00e4 k\u00e4tev\u00e4sti.<\/span><\/p>\n<p><span style=\"font-weight: 400;\">Kent\u00e4n laidalla vanhemman teht\u00e4v\u00e4n\u00e4 on kannustaa ja kehua pelaajia yleis\u00f6lle tarkoitetulla alueella. Huomioithan, ett\u00e4 joukkueen vaihtopenkill\u00e4 saa olla vain nimetyt toimihenkil\u00f6t. On t\u00e4rke\u00e4\u00e4, ett\u00e4 valmentajat ja pelinohjaajat saavat ty\u00f6rauhan, eth\u00e4n siis kommentoi pelinohjaajan p\u00e4\u00e4t\u00f6ksi\u00e4 ja huomaa, ett\u00e4 vain valmentajat saavat antaa ohjeita pelaamiseen.<\/span><\/p>\n<p><strong>Kunnioita my\u00f6s vastustajia &#8211; ole roolimalli lapsellesi!<\/strong><\/p>\n","protected":false},"excerpt":{"rendered":"<p>Vanhemman rooli pelaajan harrastuksessa &#8211; kannusta, kustanna ja kuskaa! Kannustamme sinua seuraamaan lapsesi treenej\u00e4 ja pelej\u00e4 &#8211; se innostaa lasta pelaajan i\u00e4st\u00e4 riippumatta! Vanhemman teht\u00e4v\u00e4n\u00e4 on osallistua joukkueen yhteiseen p\u00e4\u00e4t\u00f6ksentekoon vanhempainilloissa sek\u00e4 osallistua joukkueen toimihenkil\u00f6teht\u00e4viin. Toimihenkil\u00f6t valitaan vanhempainilloissa ja he ty\u00f6skentelev\u00e4t vapaaehtoisperiaatteella. Kannustamme kimppakyytien sopimiseen&#8230;<\/p>\n","protected":false},"author":1,"featured_media":0,"parent":0,"menu_order":0,"comment_status":"closed","ping_status":"closed","template":"","meta":{"_bbp_topic_count":0,"_bbp_reply_count":0,"_bbp_total_topic_count":0,"_bbp_total_reply_count":0,"_bbp_voice_count":0,"_bbp_anonymous_reply_count":0,"_bbp_topic_count_hidden":0,"_bbp_reply_count_hidden":0,"_bbp_forum_subforum_count":0,"footnotes":""},"class_list":["post-10864","page","type-page","status-publish","hentry"],"_links":{"self":[{"href":"https:\/\/kopse.org\/index.php?rest_route=\/wp\/v2\/pages\/10864","targetHints":{"allow":["GET"]}}],"collection":[{"href":"https:\/\/kopse.org\/index.php?rest_route=\/wp\/v2\/pages"}],"about":[{"href":"https:\/\/kopse.org\/index.php?rest_route=\/wp\/v2\/types\/page"}],"author":[{"embeddable":true,"href":"https:\/\/kopse.org\/index.php?rest_route=\/wp\/v2\/users\/1"}],"replies":[{"embeddable":true,"href":"https:\/\/kopse.org\/index.php?rest_route=%2Fwp%2Fv2%2Fcomments&post=10864"}],"version-history":[{"count":12,"href":"https:\/\/kopse.org\/index.php?rest_route=\/wp\/v2\/pages\/10864\/revisions"}],"predecessor-version":[{"id":11839,"href":"https:\/\/kopse.org\/index.php?rest_route=\/wp\/v2\/pages\/10864\/revisions\/11839"}],"wp:attachment":[{"href":"https:\/\/kopse.org\/index.php?rest_route=%2Fwp%2Fv2%2Fmedia&parent=10864"}],"curies":[{"name":"wp","href":"https:\/\/api.w.org\/{rel}","templated":true}]}}