{"id":11056,"date":"2019-09-06T08:10:05","date_gmt":"2019-09-06T08:10:05","guid":{"rendered":"http:\/\/31.217.192.125\/~kopseorg\/demo\/?page_id=11056"},"modified":"2024-01-25T15:36:19","modified_gmt":"2024-01-25T15:36:19","slug":"kopse-40-vuotta","status":"publish","type":"page","link":"https:\/\/kopse.org\/?page_id=11056","title":{"rendered":"Seuran s\u00e4\u00e4nn\u00f6t"},"content":{"rendered":"<div class=\"wpb-content-wrapper\">[vc_row][vc_column][vc_column_text]\r\n<p><strong>Voimassa olevat KOPSEN s\u00e4\u00e4nn\u00f6t &#8211; p\u00e4ivitetty 25.1.2024 <a href=\"https:\/\/kopse.org\/wp-content\/uploads\/2024\/01\/KOPSE_saannot_2024_paivitetty.pdf\" target=\"_blank\" rel=\"noopener\">PDF-dokumentti<\/a><\/strong><br \/><br \/><strong>Voimassa oleva KOPSEN tietosuojaseloste <a href=\"https:\/\/kopse.org\/wp-content\/uploads\/2021\/10\/KOPSE-tietosuojaseloste-v1.1.pdf\" target=\"_blank\" rel=\"noopener\">PDF-dokumentti<\/a><\/strong><br \/><br \/><strong>Y-tunnus\u00a00516309-5<\/strong><\/p>\r\n<p>&nbsp;<\/p>\r\n[\/vc_column_text][\/vc_column][\/vc_row]<\/div>","protected":false},"excerpt":{"rendered":"<p>[vc_row][vc_column][vc_column_text] Voimassa olevat KOPSEN s\u00e4\u00e4nn\u00f6t &#8211; p\u00e4ivitetty 25.1.2024 PDF-dokumentti Voimassa oleva KOPSEN tietosuojaseloste PDF-dokumentti Y-tunnus\u00a00516309-5 &nbsp; [\/vc_column_text][\/vc_column][\/vc_row]<\/p>\n","protected":false},"author":1,"featured_media":0,"parent":0,"menu_order":0,"comment_status":"closed","ping_status":"closed","template":"","meta":{"_bbp_topic_count":0,"_bbp_reply_count":0,"_bbp_total_topic_count":0,"_bbp_total_reply_count":0,"_bbp_voice_count":0,"_bbp_anonymous_reply_count":0,"_bbp_topic_count_hidden":0,"_bbp_reply_count_hidden":0,"_bbp_forum_subforum_count":0,"footnotes":""},"class_list":["post-11056","page","type-page","status-publish","hentry"],"_links":{"self":[{"href":"https:\/\/kopse.org\/index.php?rest_route=\/wp\/v2\/pages\/11056","targetHints":{"allow":["GET"]}}],"collection":[{"href":"https:\/\/kopse.org\/index.php?rest_route=\/wp\/v2\/pages"}],"about":[{"href":"https:\/\/kopse.org\/index.php?rest_route=\/wp\/v2\/types\/page"}],"author":[{"embeddable":true,"href":"https:\/\/kopse.org\/index.php?rest_route=\/wp\/v2\/users\/1"}],"replies":[{"embeddable":true,"href":"https:\/\/kopse.org\/index.php?rest_route=%2Fwp%2Fv2%2Fcomments&post=11056"}],"version-history":[{"count":37,"href":"https:\/\/kopse.org\/index.php?rest_route=\/wp\/v2\/pages\/11056\/revisions"}],"predecessor-version":[{"id":20003,"href":"https:\/\/kopse.org\/index.php?rest_route=\/wp\/v2\/pages\/11056\/revisions\/20003"}],"wp:attachment":[{"href":"https:\/\/kopse.org\/index.php?rest_route=%2Fwp%2Fv2%2Fmedia&parent=11056"}],"curies":[{"name":"wp","href":"https:\/\/api.w.org\/{rel}","templated":true}]}}