{"id":11059,"date":"2019-09-06T08:12:23","date_gmt":"2019-09-06T08:12:23","guid":{"rendered":"http:\/\/31.217.192.125\/~kopseorg\/demo\/?page_id=11059"},"modified":"2026-01-20T08:48:52","modified_gmt":"2026-01-20T08:48:52","slug":"vihrea-kopse","status":"publish","type":"page","link":"https:\/\/kopse.org\/?page_id=11059","title":{"rendered":"Yhteystiedot"},"content":{"rendered":"<div class=\"wpb-content-wrapper\">[vc_row][vc_column][vc_column_text css=&#8221;&#8221;]\r\n<figure class=\"wp-block-image size-large\"><a href=\"https:\/\/kopse.org\/wp-content\/uploads\/2024\/10\/KOPSE_toimisto.jpg\"><img loading=\"lazy\" decoding=\"async\" width=\"1024\" height=\"484\" class=\"wp-image-20640\" src=\"https:\/\/kopse.org\/wp-content\/uploads\/2024\/10\/KOPSE_toimisto-1024x484.jpg\" alt=\"\" srcset=\"https:\/\/kopse.org\/wp-content\/uploads\/2024\/10\/KOPSE_toimisto-1024x484.jpg 1024w, https:\/\/kopse.org\/wp-content\/uploads\/2024\/10\/KOPSE_toimisto-300x142.jpg 300w, https:\/\/kopse.org\/wp-content\/uploads\/2024\/10\/KOPSE_toimisto-768x363.jpg 768w, https:\/\/kopse.org\/wp-content\/uploads\/2024\/10\/KOPSE_toimisto-1536x727.jpg 1536w\" sizes=\"auto, (max-width: 1024px) 100vw, 1024px\" \/><\/a><\/figure>\r\n<p><!-- \/wp:post-content -->\u00a0<\/p>\r\n<!-- wp:heading {\"level\":4} -->\r\n<h4 class=\"wp-block-heading\">KOPSEN toimisto<\/h4>\r\n<p><!-- \/wp:heading -->S\u00e4hk\u00f6posti: toimisto(at)kopse.org<br \/>Tavitie 1<br \/>01450 Vantaa<br \/>Sis\u00e4\u00e4nk\u00e4ynti Tavitien puolelta p\u00e4\u00e4sis\u00e4\u00e4nk\u00e4ynnist\u00e4 vasemmalle.<\/p>\r\n<!-- wp:heading {\"level\":4,\"align\":\"left\"} -->\r\n<h4 class=\"wp-block-heading\"><strong>Seuran laskutus<\/strong><\/h4>\r\n<p>Verkkolaskut:<br \/>OVT-tunnus: 003705163095<br \/>Operaattori: BasWare, BAWCFI22<\/p>\r\n<p>Mik\u00e4li ette pysty toimittamaan laskuja verkkolaskuina pyyd\u00e4mme toimittamaan laskut paperisena osoitteeseen:<\/p>\r\n<p>Korson Palloseura ry<br \/>00064 ADMINISTER<\/p>\r\n<p>Laskuja voi toimittaa my\u00f6s s\u00e4hk\u00f6postilla osoitteeseen:<\/p>\r\n<p>laskut@administer.fi<\/p>\r\n<h4 class=\"wp-block-heading\"><strong>Seuran hallitus<\/strong><\/h4>\r\n<!-- \/wp:heading -->\r\n<h3><a href=\"https:\/\/kopse.org\/?p=12190\">&#8211; Seuran hallituksen yhteystiedot &#8211;<\/a><\/h3>\r\n<!-- wp:heading {\"level\":4} -->\r\n<h4 class=\"wp-block-heading\">Seuran ty\u00f6ntekij\u00e4t<\/h4>\r\n<p><!-- \/wp:heading --><!-- \/wp:paragraph -->\u00a0<\/p>\r\n<p><!-- wp:heading {\"level\":5} --><!-- \/wp:heading -->\u00a0<\/p>\r\n<p><!-- wp:image {\"id\":15208,\"width\":171,\"height\":256,\"sizeSlug\":\"large\",\"linkDestination\":\"media\"} --><!-- \/wp:paragraph -->\u00a0<\/p>\r\n<!-- wp:heading {\"level\":5} -->\r\n<h5>Toiminnanjohtaja<br \/><strong>+358 40 848 4050<br \/><\/strong>toimisto(at)kopse.org<\/h5>\r\n<p><a href=\"https:\/\/kopse.org\/wp-content\/uploads\/2025\/02\/Petri_Haapimaa_1.jpg\"><img loading=\"lazy\" decoding=\"async\" class=\"alignnone wp-image-20904\" src=\"https:\/\/kopse.org\/wp-content\/uploads\/2025\/02\/Petri_Haapimaa_1-300x236.jpg\" alt=\"\" width=\"204\" height=\"160\" srcset=\"https:\/\/kopse.org\/wp-content\/uploads\/2025\/02\/Petri_Haapimaa_1-300x236.jpg 300w, https:\/\/kopse.org\/wp-content\/uploads\/2025\/02\/Petri_Haapimaa_1-1024x807.jpg 1024w, https:\/\/kopse.org\/wp-content\/uploads\/2025\/02\/Petri_Haapimaa_1-768x605.jpg 768w, https:\/\/kopse.org\/wp-content\/uploads\/2025\/02\/Petri_Haapimaa_1-1536x1210.jpg 1536w\" sizes=\"auto, (max-width: 204px) 100vw, 204px\" \/><\/a><\/p>\r\n<p>Petri Haapimaa aloitti Korson Pallo\u00adseuran uutena toiminnan\u00adjohtajana 26.2.2025. Toiminnan\u00adjohtajan teht\u00e4viin kuuluu seuran talouden, operatiivisen ja hallin\u00adnollisen toiminnan johtaminen, seuran muiden ty\u00f6n\u00adtekij\u00f6iden esi\u00admiehen\u00e4 toimiminen sek\u00e4 seuran tiedotus.<\/p>\r\n<p>Petri on pelannut jalkapalloa ammatikseen ykk\u00f6sess\u00e4 useassa seurassa ja my\u00f6s Veikkausliigassa edustaen FINNPAA. Aiempaa ty\u00f6\u00adkokemusta h\u00e4nell\u00e4 on mm. VJS:n valmennusp\u00e4\u00e4llikk\u00f6n\u00e4 toimimisesta. Ennen VJS:n valmennushommia Petri toimi viiden vuoden ajan toiminnanjohtajana IF Gnistan Ry:ss\u00e4. Petri on asunut l\u00e4hes 15 vuotta Lepp\u00e4korvessa, eik\u00e4 nykyinenk\u00e4\u00e4n asuinpaikka Leinel\u00e4 ole kaukana, joten Korso on h\u00e4nelle tuttua aluetta.<\/p>\r\n<p><!-- \/wp:heading -->\u00a0<\/p>\r\n<!-- wp:image {\"id\":15210,\"width\":141,\"height\":256,\"sizeSlug\":\"large\",\"linkDestination\":\"media\"} -->\r\n<h5>Valmennusp\u00e4\u00e4llikk\u00f6<\/h5>\r\n<p><!-- \/wp:heading -->\u00a0<\/p>\r\n<!-- wp:image {\"id\":15210,\"width\":141,\"height\":256,\"sizeSlug\":\"large\",\"linkDestination\":\"media\"} -->\r\n<figure class=\"wp-block-image size-large is-resized\"><a href=\"https:\/\/kopse.org\/wp-content\/uploads\/2022\/09\/Toni_Tikkanen.png\"><img loading=\"lazy\" decoding=\"async\" class=\"alignnone wp-image-16674 size-medium\" src=\"https:\/\/kopse.org\/wp-content\/uploads\/2022\/09\/Toni_Tikkanen-200x300.png\" alt=\"\" width=\"200\" height=\"300\" \/><\/a><\/figure>\r\n<!-- \/wp:image -->\r\n<h5><!-- wp:paragraph --><strong>Toni Tikkanen<\/strong><br \/><strong>+358 40 019 6664<br \/><\/strong>toni.tikkanen(at)kopse.org<\/h5>\r\n<p><!-- \/wp:paragraph --><!-- \/wp:paragraph -->Valmennusp\u00e4\u00e4llik\u00f6n teht\u00e4viin kuuluu mm. joukkueiden toiminnasta vastaaminen (yhdess\u00e4 juniorip\u00e4\u00e4llik\u00f6n kanssa); valmentajatutoroinnin ja pelaajatarkkailun osalta painopiste on yli 12 &#8211;<br \/>vuotiaissa joukkueissa ja pelaajissa. Lis\u00e4ksi valmennusp\u00e4\u00e4llikk\u00f6 yhdess\u00e4 vastuuvalmentajien (nuoremmissa ik\u00e4luokissa my\u00f6s juniorip\u00e4\u00e4llik\u00f6n kanssa) laatii joukkueiden kausisuunnitelmat sek\u00e4 seuraa niiden toteutumista. Valmennusp\u00e4\u00e4llikk\u00f6 tekee valmentajien kanssa sopimukset sek\u00e4 osallistuu valmennuskoulutuksen suunnitteluun ja organisointiin. Lis\u00e4ksi h\u00e4nell\u00e4 on muita seuran strategian sek\u00e4 Suomen Palloliiton Laatuj\u00e4rjestelm\u00e4n toteuttamiseen ja kehitt\u00e4miseen liittyvi\u00e4 teht\u00e4vi\u00e4.<\/p>\r\n<p>Toni on vuodesta 2015 luotsannut Kopsen 2010 syntyneit\u00e4 poikia ja h\u00e4n pelaa sek\u00e4 valmentaa Kopsen CRPS-joukkueessa. Tonilla on UEFA B-koulutus ja on toiminnut aiemmin KOPSEssa juniorip\u00e4\u00e4llikk\u00f6n\u00e4.<\/p>\r\n<p><!-- \/wp:paragraph -->\u00a0<\/p>\r\n<!-- wp:heading {\"level\":5} -->\r\n<h5>Juniorip\u00e4\u00e4llikk\u00f6<\/h5>\r\n<p><!-- \/wp:heading -->\u00a0<\/p>\r\n<!-- wp:image {\"id\":15209,\"width\":171,\"height\":256,\"sizeSlug\":\"large\",\"linkDestination\":\"media\"} -->\r\n<figure class=\"wp-block-image size-large is-resized\"><a href=\"https:\/\/kopse.org\/wp-content\/uploads\/2021\/10\/Laurikainen_Roosa.jpg\"><img loading=\"lazy\" decoding=\"async\" class=\"wp-image-15209\" src=\"https:\/\/kopse.org\/wp-content\/uploads\/2021\/10\/Laurikainen_Roosa-682x1024.jpg\" alt=\"\" width=\"171\" height=\"256\" srcset=\"https:\/\/kopse.org\/wp-content\/uploads\/2021\/10\/Laurikainen_Roosa-682x1024.jpg 682w, https:\/\/kopse.org\/wp-content\/uploads\/2021\/10\/Laurikainen_Roosa-200x300.jpg 200w, https:\/\/kopse.org\/wp-content\/uploads\/2021\/10\/Laurikainen_Roosa-768x1152.jpg 768w, https:\/\/kopse.org\/wp-content\/uploads\/2021\/10\/Laurikainen_Roosa-1024x1536.jpg 1024w, https:\/\/kopse.org\/wp-content\/uploads\/2021\/10\/Laurikainen_Roosa.jpg 1333w\" sizes=\"auto, (max-width: 171px) 100vw, 171px\" \/><\/a><\/figure>\r\n<!-- \/wp:image -->\r\n<h5><!-- wp:paragraph --><strong>Roosa Laurikainen<\/strong><br \/><strong>+358 40 355 8750<\/strong><br \/>roosa.laurikainen(at)kopse.org<\/h5>\r\n<p><!-- \/wp:paragraph -->Juniorip\u00e4\u00e4llik\u00f6n teht\u00e4viin kuuluu lasten (alle 11-v) jalkapallotoiminnasta vastaaminen, ml. perhefutis, kerhot, p\u00e4iv\u00e4koti- ja kouluvierailut. Juniorip\u00e4\u00e4llikk\u00f6 toimii aloittavan ik\u00e4luokan vastuuvalmentajana ensimm\u00e4isten kuuden kuukauden ajan ja yhdess\u00e4 valmennusp\u00e4\u00e4llik\u00f6n kanssa vastaavat ik\u00e4luokkien U6-U11 kausisuunnitelmista sek\u00e4 leiritoiminnasta. Lis\u00e4ksi juniorip\u00e4\u00e4llik\u00f6ll\u00e4 on my\u00f6s muita, esimerkiksi viestint\u00e4\u00e4n liittyvi\u00e4 seurateht\u00e4vi\u00e4.<\/p>\r\n<!-- \/wp:paragraph -->\r\n<p><!-- wp:paragraph --><br \/>Roosa on kotoisin Vantaalta, h\u00e4n on valmistunut fysioterapeutiksi kev\u00e4\u00e4ll\u00e4 2019, jonka\u00a0 j\u00e4lkeen\u00a0 ty\u00f6skennellyt varhaiskasvatuksen puolella ja toiminut mm. ryhm\u00e4liikunnanohjaajana, lasten liikunnanohjaajana sek\u00e4 jalkapallovalmentajana. H\u00e4nell\u00e4 on UEFA C- sek\u00e4 jalkapallotekniikat koulutus suoritettuna.<\/p>\r\n<!-- \/wp:paragraph -->\r\n<h5>Seuravalmentaja<\/h5>\r\n<p><strong><a href=\"https:\/\/kopse.org\/wp-content\/uploads\/2024\/09\/Screenshot-2024-09-11-at-6.17.03.png\"><img loading=\"lazy\" decoding=\"async\" class=\"alignnone wp-image-20494 size-full\" src=\"https:\/\/kopse.org\/wp-content\/uploads\/2024\/09\/Screenshot-2024-09-11-at-6.17.03.png\" alt=\"\" width=\"223\" height=\"277\" \/><\/a><\/strong><\/p>\r\n<h5><strong>Tuula Rautiainen<\/strong><br \/>tuula.rautiainen(at)kopse.org<\/h5>\r\n<p>Seuravalmentajan teht\u00e4viin kuuluu lajiesittelyt yhdess\u00e4 juniorip\u00e4\u00e4llik\u00f6n kanssa sek\u00e4 koulukerhojen ja aikuisten kuntofutisten ohjaaminen. Seuravalmentaja toimii my\u00f6s muun valmennuksen tukena lasten ja nuorten fyysisen harjoittelun suunnittelussa lajille tyypillisten rasitusoireiden ennaltaehk\u00e4isemiseksi.<\/p>\r\n<p>Tuula on valmistunut fysioterapeutiksi vuonna 2003 ja on siit\u00e4 l\u00e4htien tehnyt fysioterapeutin vastaanottoty\u00f6t\u00e4, toisinaan my\u00f6s kent\u00e4lle jalkautuen. Tuula on erikoistunut neurologisten toimintah\u00e4iri\u00f6iden, alaraajojen, rasitus- ja urheiluvammojen kuntoutukseen sek\u00e4 lasten ja nuorten fysioterapiaan.<\/p>\r\n<p>Tuulalla on UEFA-C koulutus suoritettuna.<\/p>\r\n[\/vc_column_text][\/vc_column][\/vc_row]<\/div>","protected":false},"excerpt":{"rendered":"<p>[vc_row][vc_column][vc_column_text css=&#8221;&#8221;] \u00a0 KOPSEN toimisto S\u00e4hk\u00f6posti: toimisto(at)kopse.orgTavitie 101450 VantaaSis\u00e4\u00e4nk\u00e4ynti Tavitien puolelta p\u00e4\u00e4sis\u00e4\u00e4nk\u00e4ynnist\u00e4 vasemmalle. Seuran laskutus Verkkolaskut:OVT-tunnus: 003705163095Operaattori: BasWare, BAWCFI22 Mik\u00e4li ette pysty toimittamaan laskuja verkkolaskuina pyyd\u00e4mme toimittamaan laskut paperisena osoitteeseen: Korson Palloseura ry00064 ADMINISTER Laskuja voi toimittaa my\u00f6s s\u00e4hk\u00f6postilla osoitteeseen: laskut@administer.fi Seuran hallitus &#8211; Seuran&#8230;<\/p>\n","protected":false},"author":1,"featured_media":0,"parent":0,"menu_order":0,"comment_status":"closed","ping_status":"closed","template":"","meta":{"_bbp_topic_count":0,"_bbp_reply_count":0,"_bbp_total_topic_count":0,"_bbp_total_reply_count":0,"_bbp_voice_count":0,"_bbp_anonymous_reply_count":0,"_bbp_topic_count_hidden":0,"_bbp_reply_count_hidden":0,"_bbp_forum_subforum_count":0,"footnotes":""},"class_list":["post-11059","page","type-page","status-publish","hentry"],"_links":{"self":[{"href":"https:\/\/kopse.org\/index.php?rest_route=\/wp\/v2\/pages\/11059","targetHints":{"allow":["GET"]}}],"collection":[{"href":"https:\/\/kopse.org\/index.php?rest_route=\/wp\/v2\/pages"}],"about":[{"href":"https:\/\/kopse.org\/index.php?rest_route=\/wp\/v2\/types\/page"}],"author":[{"embeddable":true,"href":"https:\/\/kopse.org\/index.php?rest_route=\/wp\/v2\/users\/1"}],"replies":[{"embeddable":true,"href":"https:\/\/kopse.org\/index.php?rest_route=%2Fwp%2Fv2%2Fcomments&post=11059"}],"version-history":[{"count":78,"href":"https:\/\/kopse.org\/index.php?rest_route=\/wp\/v2\/pages\/11059\/revisions"}],"predecessor-version":[{"id":21453,"href":"https:\/\/kopse.org\/index.php?rest_route=\/wp\/v2\/pages\/11059\/revisions\/21453"}],"wp:attachment":[{"href":"https:\/\/kopse.org\/index.php?rest_route=%2Fwp%2Fv2%2Fmedia&parent=11059"}],"curies":[{"name":"wp","href":"https:\/\/api.w.org\/{rel}","templated":true}]}}