{"id":11067,"date":"2019-09-06T08:30:32","date_gmt":"2019-09-06T08:30:32","guid":{"rendered":"http:\/\/31.217.192.125\/~kopseorg\/demo\/?page_id=11067"},"modified":"2020-01-16T07:07:59","modified_gmt":"2020-01-16T07:07:59","slug":"toimintalinja","status":"publish","type":"page","link":"https:\/\/kopse.org\/?page_id=11067","title":{"rendered":"Toimintalinja"},"content":{"rendered":"<h3>Toiminta-ajatus<\/h3>\n<p><span style=\"font-weight: 400;\">Korson Palloseura ry eli Kopse on korsolainen jalkapalloon erikoistunut urheiluseura. Tarjoamme\u00a0 toimintaa kaikenik\u00e4isille ja -tasoisille pelaajille alle kouluik\u00e4isist\u00e4 edustukseen ja aikuisten harrastefutikseen.<\/span><\/p>\n<p><span style=\"font-weight: 400;\">Vuoden 2019 lopussa meill\u00e4 oli noin 800 rekister\u00f6ity\u00e4 pelaajaa. Kopse toimii jalkapallon keskusj\u00e4rjest\u00f6n Suomen Palloliitto ry:n alaisuudessa. <\/span><\/p>\n<h3>Toimintamalli<\/h3>\n<h5>Joukkueiden muodostaminen<\/h5>\n<p><span style=\"font-weight: 400;\">Muodostamme uusia joukkueita ymp\u00e4ri vuoden futiskerhojen 3\u20136 -vuotiaista osallistujista. Nuorin ik\u00e4kausijoukkue on yleens\u00e4 6-vuotiaat tyt\u00f6t ja pojat. Samassa joukkueessa voi olla monta peliryhm\u00e4\u00e4. Pelaajam\u00e4\u00e4r\u00e4n kasvaessa tyt\u00f6t ja pojat erotetaan omiksi joukkueiksi.<\/span><\/p>\n<h5>Toimihenkil\u00f6t<\/h5>\n<p><span style=\"font-weight: 400;\">Joukkueiden toimihenkil\u00f6t valitaan pelaajien vanhemmista. Jokaisella joukkueella on joukkueenjohtaja, vastuuvalmentaja, rahastonhoitaja sek\u00e4 valmentajia ja huoltajia.<\/span><\/p>\n<p><span style=\"font-weight: 400;\">Joukkueenjohtaja vastaa joukkueen toiminnasta. Vastuuvalmentaja vastaa joukkueen valmennuksesta valmentajat apunaan. Vastuuvalmentajaa tukee seuran valmennusp\u00e4\u00e4llikk\u00f6. Rahastonhoitaja vastaa joukkueen rahaliikenteest\u00e4. Huoltajien vastuulla on muun muassa vammojen ensihoito peleiss\u00e4 ja harjoituksissa.<\/span><\/p>\n<h5>Harjoitukset<\/h5>\n<p><span style=\"font-weight: 400;\">Harjoittelemme kes\u00e4isin p\u00e4\u00e4asiassa Aulis Aktia Areenalla Jokivarressa ja Peakfin Arenalla Korsossa.<\/span><\/p>\n<p><span style=\"font-weight: 400;\">Talvisin harjoittelemme yleens\u00e4 Peakfin Arenalla, Hakunilan ja Tikkurilan kuplahalleissa sek\u00e4 l\u00e4hialueen koulujen liikuntasaleissa.<\/span><\/p>\n<h5>Piirisarjat ja OPEL-liiga<\/h5>\n<p><span style=\"font-weight: 400;\">Kopsen joukkueet osallistuvat kev\u00e4isin ja syksyisin j\u00e4rjestett\u00e4viin Suomen Palloliiton piirisarjan tai OPEL-liigan peleihin. Molemmissa sarjoissa on ik\u00e4- ja taso\u00adsarjat pojille ja tyt\u00f6ille.<\/span><\/p>\n<p><span style=\"font-size: inherit;\">Vanhempien pelaajien sarjoissa ik\u00e4luokat voidaan yhdist\u00e4\u00e4, jos pelaajia ei ole riitt\u00e4v\u00e4sti omassa ik\u00e4luokassa. Haasteellisempia pelej\u00e4 hakeva joukkue voi my\u00f6s ilmoittautua vanhemman ik\u00e4ryhm\u00e4n sarjaan.<\/span><\/p>\n","protected":false},"excerpt":{"rendered":"<p>Toiminta-ajatus Korson Palloseura ry eli Kopse on korsolainen jalkapalloon erikoistunut urheiluseura. Tarjoamme\u00a0 toimintaa kaikenik\u00e4isille ja -tasoisille pelaajille alle kouluik\u00e4isist\u00e4 edustukseen ja aikuisten harrastefutikseen. Vuoden 2019 lopussa meill\u00e4 oli noin 800 rekister\u00f6ity\u00e4 pelaajaa. Kopse toimii jalkapallon keskusj\u00e4rjest\u00f6n Suomen Palloliitto ry:n alaisuudessa. Toimintamalli Joukkueiden muodostaminen Muodostamme uusia&#8230;<\/p>\n","protected":false},"author":1,"featured_media":0,"parent":0,"menu_order":0,"comment_status":"closed","ping_status":"closed","template":"","meta":{"_bbp_topic_count":0,"_bbp_reply_count":0,"_bbp_total_topic_count":0,"_bbp_total_reply_count":0,"_bbp_voice_count":0,"_bbp_anonymous_reply_count":0,"_bbp_topic_count_hidden":0,"_bbp_reply_count_hidden":0,"_bbp_forum_subforum_count":0,"footnotes":""},"class_list":["post-11067","page","type-page","status-publish","hentry"],"_links":{"self":[{"href":"https:\/\/kopse.org\/index.php?rest_route=\/wp\/v2\/pages\/11067","targetHints":{"allow":["GET"]}}],"collection":[{"href":"https:\/\/kopse.org\/index.php?rest_route=\/wp\/v2\/pages"}],"about":[{"href":"https:\/\/kopse.org\/index.php?rest_route=\/wp\/v2\/types\/page"}],"author":[{"embeddable":true,"href":"https:\/\/kopse.org\/index.php?rest_route=\/wp\/v2\/users\/1"}],"replies":[{"embeddable":true,"href":"https:\/\/kopse.org\/index.php?rest_route=%2Fwp%2Fv2%2Fcomments&post=11067"}],"version-history":[{"count":19,"href":"https:\/\/kopse.org\/index.php?rest_route=\/wp\/v2\/pages\/11067\/revisions"}],"predecessor-version":[{"id":12201,"href":"https:\/\/kopse.org\/index.php?rest_route=\/wp\/v2\/pages\/11067\/revisions\/12201"}],"wp:attachment":[{"href":"https:\/\/kopse.org\/index.php?rest_route=%2Fwp%2Fv2%2Fmedia&parent=11067"}],"curies":[{"name":"wp","href":"https:\/\/api.w.org\/{rel}","templated":true}]}}