{"id":11073,"date":"2019-09-06T08:43:16","date_gmt":"2019-09-06T08:43:16","guid":{"rendered":"http:\/\/31.217.192.125\/~kopseorg\/demo\/?page_id=11073"},"modified":"2021-05-06T18:22:53","modified_gmt":"2021-05-06T18:22:53","slug":"kentat-ja-sali","status":"publish","type":"page","link":"https:\/\/kopse.org\/?page_id=11073","title":{"rendered":"Kent\u00e4t ja sali"},"content":{"rendered":"<h3>Tekonurmikent\u00e4t<\/h3>\n<h5><strong>Aulis Aktia Areena \u2013 Kopsen kotikentt\u00e4<br \/>\n<\/strong><\/h5>\n<p><a href=\"https:\/\/goo.gl\/maps\/4hjEKTMMF9YpbHus7\" target=\"_blank\" rel=\"noopener noreferrer\"><em>Sorvatie 18, Vantaa<\/em><\/a><strong><br \/>\n<\/strong><\/p>\n<p>Kopsen oma kentt\u00e4 on Jokivarren teko\u00adnurmi\u00adkentt\u00e4 (Aulis Aktia Areena). Valaistu tekonurmi valmistui syyskuussa 2017 ja siit\u00e4 tuli heti yksi seuran koti\u00adkentist\u00e4. Kent\u00e4n koko 90 x 60 m. Kaupunki on rakentanut kent\u00e4n viereen pienen aidatun teko\u00adnurmi\u00adkent\u00e4n.<\/p>\n<h5><strong>Peakfin Areena (Kalmuurin kuplahalli)<\/strong><\/h5>\n<p><a href=\"https:\/\/goo.gl\/maps\/ZXqH4U2TBxmHGkL59\" target=\"_blank\" rel=\"noopener noreferrer\"><em>Urpiaisentie 11, Vantaa<\/em><\/a><strong><br \/>\n<\/strong><\/p>\n<p>Kalmuurin kentt\u00e4 muutettiin luonnonnurmikent\u00e4st\u00e4 teko\u00adnurmeksi vuonna 2014. Kent\u00e4n p\u00e4\u00e4ll\u00e4 on ymp\u00e4rivuotisesti kuplahalli. Kent\u00e4n mitat ovat 100 x 65 m. Lis\u00e4ksi pohjois- ja etel\u00e4\u00adreunoilla on joukkueiden mahdollista l\u00e4mmitell\u00e4 ennen pelin tai vuoron alkua.<\/p>\n<h5><strong>Kalmuurin vapaanurmi<\/strong><\/h5>\n<p><a href=\"https:\/\/goo.gl\/maps\/WRbgWj2ifsGkSqqD9\" target=\"_blank\" rel=\"noopener noreferrer\"><em>Urpiaisentie 11, Vantaa<\/em><\/a><strong><br \/>\n<\/strong><\/p>\n<p>Kalmuurin kent\u00e4n pohjois\u00adpuolella on kaikille avoin kentt\u00e4, niin sanottu &#8221;vapaa nurmi&#8221;. Se on luonnonurmea ja sen kuntoa ei pidet\u00e4 riitt\u00e4v\u00e4n hyv\u00e4n\u00e4 peleihin, mutta se soveltuu osin harjoituksiin. Vapaalla nurmella ei ole mit\u00e4\u00e4n kentt\u00e4\u00admerkint\u00f6j\u00e4, mutta siell\u00e4 on jokunen iso ja pieni maali.<\/p>\n<h5><strong>Tikkurilan Urheilupuisto<\/strong><\/h5>\n<p><a href=\"https:\/\/goo.gl\/maps\/uyEryxLkE92WQFaYA\" target=\"_blank\" rel=\"noopener noreferrer\"><em>L\u00e4ntinen Valkoisenl\u00e4hteentie 56, Vantaa<\/em><\/a><strong><br \/>\n<\/strong><\/p>\n<p>Tikkurilassa on kaksi teko\u00adnurmi\u00adkentt\u00e4\u00e4 (iso ja pieni), kaksi luonnon\u00adnurmi\u00adkentt\u00e4\u00e4 ja hiekka\u00adkentt\u00e4. Iso teko\u00adnurmi on l\u00e4mmitetty. Ison teko\u00adnurmen mitat ovat 110 x 65 m. Kentt\u00e4\u00e4 vuokrataan yleens\u00e4 joko kokonaisena, puolikkaina tai nelj\u00e4nneksin\u00e4.<\/p>\n<p>Pieni tekonurmi on mitoiltaan noin 75 x 60 m. Sen p\u00e4\u00e4lle rakennetaan talvi\u00adkuukausiksi yli\u00adpaine\u00adhalli (&#8221;Tikkurilan kupla&#8221;). Pient\u00e4 teko\u00adnurmea vuokrataan joko kokonaisena tai puolikkaana. Siin\u00e4 voi pelata 7v7 ja 9v9 pelej\u00e4, mutta 11v11 peleihin se on liian pieni.<\/p>\n<p>Luonnonurmikent\u00e4t ovat toistensa yhteydess\u00e4 ja ne ovat huomattavasti v\u00e4hemm\u00e4ss\u00e4 k\u00e4yt\u00f6ss\u00e4 kuin teko\u00adnurmi\u00adkent\u00e4t. Tikkurilassa on my\u00f6s katsomo.<\/p>\n<h5><strong>Hakunila<\/strong><\/h5>\n<p><a href=\"https:\/\/goo.gl\/maps\/aE8VbuS8vXY72DqBA\" target=\"_blank\" rel=\"noopener noreferrer\"><em>Sotungintie 19, Vantaa<\/em><\/a><strong><br \/>\n<\/strong><\/p>\n<p>L\u00e4mmitetty ylipaine\u00adhalli, joka toimii kes\u00e4ll\u00e4 teko\u00adnurmi\u00adkentt\u00e4n\u00e4 (78,5m x 55m). Varusteina 6 kpl pikkumaaleja ja 2 isoa maalia sek\u00e4 pieni l\u00e4mmittelyalue. Ei pukukoppeja eik\u00e4 vessoja.<\/p>\n<h5><strong>It\u00e4-Hakkilan tekonurmi<\/strong><\/h5>\n<p><a href=\"https:\/\/goo.gl\/maps\/DJjKUYiCRVGxWRkQ6\" target=\"_blank\" rel=\"noopener noreferrer\"><em>Kehruukuja 14, Vantaa<\/em><\/a><strong><br \/>\n<\/strong><\/p>\n<p>Kentt\u00e4\u00e4 hallinnoi It\u00e4-Hakkilan Kilpa. Tekonurmikent\u00e4n mitat ovat 90 x 55 m.<\/p>\n<h3>Hiekkakent\u00e4t<\/h3>\n<p><strong>Hiekkakenttien k\u00e4ytt\u00f6<\/strong><\/p>\n<p>Hiekkakenttien k\u00e4yt\u00f6ss\u00e4 on huomattava, ett\u00e4 kentt\u00e4\u00e4 ei saa k\u00e4ytt\u00e4\u00e4 harjoitteluun, jos sinne on jo vedetty kalkki\u00adviivat seuraavaa peli\u00e4 varten. Viivat kuluvat hyvin helposti pois hiekasta. Ennen virallista peli\u00e4 (esim. piiri\u00adsarja) kent\u00e4n\u00adhoitaja vastaa kent\u00e4n lanaamisesta, viivojen vet\u00e4misest\u00e4 ja kulma\u00adlippujen asettamisesta kent\u00e4lle.<\/p>\n<h5><strong>Korson urheilukentt\u00e4<\/strong><\/h5>\n<p><a href=\"https:\/\/goo.gl\/maps\/xpRWxowZ4FyHLBYA9\" target=\"_blank\" rel=\"noopener noreferrer\"><em>Kisatie 23, Vantaa<\/em><\/a><strong><br \/>\n<\/strong><\/p>\n<p>Kentt\u00e4 on remontoitu vuonna 2015, mutta ison kent\u00e4n pinta\u00admateriaali on edelleen hiekka ja (hiekka-)teko\u00adnurmen osuus rajoittuu aidattuun moni\u00adk\u00e4ytt\u00f6\u00adalueeseen, jossa on jalka\u00adpallon lis\u00e4ksi my\u00f6s tennis\u00adverkko sek\u00e4 kori\u00adpallo\u00adtelineet.<\/p>\n<h3>Salit<\/h3>\n<p>Alla on lueteltu joitakin saleja, jotka ovat Korsossa ja sen l\u00e4hi\u00adalueilla.<\/p>\n<p><a href=\"https:\/\/www.vantaa.fi\/vapaa-aika\/liikunta\/sisaliikuntapaikat\/koulujen_ja_paivakotien_liikuntasalit\" target=\"_blank\" rel=\"noopener noreferrer\">Vantaan kaupunki \u2013 Koulujen ja p\u00e4iv\u00e4kotien liikuntasalit<\/a><\/p>\n<p><strong>Salien koot<\/strong><br \/>\nSaleja on alle 200 m<sup>2<\/sup> tiloista aina 600 m<sup>2<\/sup> tiloihin asti. Suurin osa saleista on kooltaan hieman alle 400 m<sup>2<\/sup> kokoisia. Ne sopivat jo t\u00e4ysi-ik\u00e4istenkin kunto\u00adharjoituksiin ja pieniin peli\u00adharjoituksiin.<\/p>\n<p><strong>Salien varusteet<\/strong><br \/>\nJoissakin saleissa ilta\u00adtoiminta on rajattu vain pukuhuoneiden, salin ja salissa olevien (salibandy- ja futsal-) maalien k\u00e4ytt\u00f6\u00f6n. Toisissa saleissa on mahdollista k\u00e4ytt\u00e4\u00e4 muita v\u00e4lineit\u00e4, kuten mattoja ja pehmusteita sek\u00e4 paikalta l\u00f6ytyvi\u00e4 peli\u00adv\u00e4lineit\u00e4.<\/p>\n<h5><strong>Vierum\u00e4en koulu<\/strong><\/h5>\n<p><a href=\"https:\/\/goo.gl\/maps\/HW1XgcnsWjhdugfbA\" target=\"_blank\" rel=\"noopener noreferrer\"><em>Lehmustontie 9, Vantaa<\/em><\/a><\/p>\n<p>Pieni sali, kooltaan vain 243 m<sup>2<\/sup>. K\u00e4ytt\u00f6 avaimella, jonka saa kouluis\u00e4nn\u00e4lt\u00e4. K\u00e4ynti koulun rakennuksen pohjois\u00adpuolelta. Muitakin v\u00e4lineit\u00e4, kuten pehmusteet, on k\u00e4ytett\u00e4viss\u00e4 (kuva alla).<\/p>\n<p><strong>Lepp\u00e4korven koulu<\/strong><\/p>\n<p><a href=\"https:\/\/goo.gl\/maps\/NwvrpzjtYWtsQHLU6\" target=\"_blank\" rel=\"noopener noreferrer\"><em>Korpikontiontie 5, Vantaa<\/em><\/a><\/p>\n<p>Sali on suurehko, 400 m<sup>2<\/sup>, mutta v\u00e4lineit\u00e4 ei ole k\u00e4ytett\u00e4viss\u00e4. K\u00e4ytt\u00f6 avaimella.<\/p>\n<h5><strong>Ruusuvuoren koulu<\/strong><\/h5>\n<p><a href=\"https:\/\/goo.gl\/maps\/45qWZXaLLvBnPvjw6\" target=\"_blank\" rel=\"noopener noreferrer\"><em>Kisatie 21, Vantaa<\/em><\/a><\/p>\n<p>Kohtuullisen suuri sali, 400 m<sup>2<\/sup>. K\u00e4ytt\u00f6 avaimella. Ei v\u00e4lineit\u00e4.<\/p>\n<h5><strong>Mikkolan koulut<\/strong><\/h5>\n<p><a href=\"https:\/\/goo.gl\/maps\/5Q7jYYEZagJipfSi9\" target=\"_blank\" rel=\"noopener noreferrer\"><em>Venuksentie 2, Vantaa<\/em><\/a><\/p>\n<p>Mikkolassa on kaksi koulua vierekk\u00e4in: Vega ja Lyyra. Vega on isompi, 406 m<sup>2<\/sup>. Lyyra on 258 m<sup>2<\/sup>. Vegassa on futsal-maalit sek\u00e4 muita varusteita ilta\u00adk\u00e4yt\u00f6lle. Lyyrassa ilta\u00adk\u00e4yt\u00f6lle on varusteita, mutta ei futsal-maaleja.<\/p>\n<p>Molempien salien k\u00e4ytt\u00f6 tapahtuu ilman avainta. Koulun ilta\u00advahti\u00admestari avaa ovet. H\u00e4nen toimistonsa on Lyyrassa.<\/p>\n","protected":false},"excerpt":{"rendered":"<p>Tekonurmikent\u00e4t Aulis Aktia Areena \u2013 Kopsen kotikentt\u00e4 Sorvatie 18, Vantaa Kopsen oma kentt\u00e4 on Jokivarren teko\u00adnurmi\u00adkentt\u00e4 (Aulis Aktia Areena). Valaistu tekonurmi valmistui syyskuussa 2017 ja siit\u00e4 tuli heti yksi seuran koti\u00adkentist\u00e4. Kent\u00e4n koko 90 x 60 m. Kaupunki on rakentanut kent\u00e4n viereen pienen aidatun teko\u00adnurmi\u00adkent\u00e4n&#8230;.<\/p>\n","protected":false},"author":1,"featured_media":0,"parent":0,"menu_order":0,"comment_status":"closed","ping_status":"closed","template":"","meta":{"_bbp_topic_count":0,"_bbp_reply_count":0,"_bbp_total_topic_count":0,"_bbp_total_reply_count":0,"_bbp_voice_count":0,"_bbp_anonymous_reply_count":0,"_bbp_topic_count_hidden":0,"_bbp_reply_count_hidden":0,"_bbp_forum_subforum_count":0,"footnotes":""},"class_list":["post-11073","page","type-page","status-publish","hentry"],"_links":{"self":[{"href":"https:\/\/kopse.org\/index.php?rest_route=\/wp\/v2\/pages\/11073","targetHints":{"allow":["GET"]}}],"collection":[{"href":"https:\/\/kopse.org\/index.php?rest_route=\/wp\/v2\/pages"}],"about":[{"href":"https:\/\/kopse.org\/index.php?rest_route=\/wp\/v2\/types\/page"}],"author":[{"embeddable":true,"href":"https:\/\/kopse.org\/index.php?rest_route=\/wp\/v2\/users\/1"}],"replies":[{"embeddable":true,"href":"https:\/\/kopse.org\/index.php?rest_route=%2Fwp%2Fv2%2Fcomments&post=11073"}],"version-history":[{"count":27,"href":"https:\/\/kopse.org\/index.php?rest_route=\/wp\/v2\/pages\/11073\/revisions"}],"predecessor-version":[{"id":13375,"href":"https:\/\/kopse.org\/index.php?rest_route=\/wp\/v2\/pages\/11073\/revisions\/13375"}],"wp:attachment":[{"href":"https:\/\/kopse.org\/index.php?rest_route=%2Fwp%2Fv2%2Fmedia&parent=11073"}],"curies":[{"name":"wp","href":"https:\/\/api.w.org\/{rel}","templated":true}]}}