{"id":11076,"date":"2019-09-06T08:45:43","date_gmt":"2019-09-06T08:45:43","guid":{"rendered":"http:\/\/31.217.192.125\/~kopseorg\/demo\/?page_id=11076"},"modified":"2025-02-24T10:20:54","modified_gmt":"2025-02-24T10:20:54","slug":"koulutus","status":"publish","type":"page","link":"https:\/\/kopse.org\/?page_id=11076","title":{"rendered":"Koulutus"},"content":{"rendered":"<div class=\"wpb-content-wrapper\">[vc_row][vc_column][vc_column_text]\n<p>Seura on budjetoinut erikseen koulutus\u00adrahaa joukkueiden toimihenkil\u00f6iden kouluttamiseen.<\/p>\n<p>Seurakoulutusta ja seuratoiminnan seminaareja j\u00e4rjest\u00e4\u00e4 my\u00f6s Etel\u00e4-Suomen Liikunta ja Urheilu ry (ESLU), jonka j\u00e4sen Korson Pallo\u00adseurakin on.<\/p>\n<h5>Valmentajakoulutus<\/h5>\n<p>Seuraava <a href=\"https:\/\/korsonpalloseura.myclub.fi\/flow\/events\/8431892\">Futisvalmentajan startti -koulutus<\/a> maaliskuussa 2025, ilmoittautuminen linkist\u00e4<\/p>\n<p>Koulutuksen l\u00e4hip\u00e4iv\u00e4t:<\/p>\n<p>La 22.3 klo 9.00-17.00<\/p>\n<p>Su 6.4 klo 9.00-17.00<\/p>\n<h5>Joukkueenjohtajan ja rahastonhoitajan koulutus<\/h5>\n<p>Seura j\u00e4rjest\u00e4\u00e4 kaikille uusille ja tarvittaessa my\u00f6s vanhoille jojoille ja\u00a0 rahastonhoitajille koulutusta. Koulutusta on j\u00e4rjestetty 2 kertaa vuodessa.<\/p>\n<h5>Erotuomarikoulutus<\/h5>\n<p>Palloliiton erotuomarikoulutuksesta saa lis\u00e4tietoa<\/p>\n<p><a href=\"https:\/\/www.palloliitto.fi\/tule-mukaan\/ryhdy-tuomariksi-tai-pelinohjaajaksi\/\" target=\"_blank\" rel=\"noopener\">https:\/\/www.palloliitto.fi\/tule-mukaan\/ryhdy-tuomariksi-tai-pelinohjaajaksi\/<\/a><\/p>\n<h5>Pelinohjaajakoulutus<\/h5>\n<p>Kopse j\u00e4rjest\u00e4\u00e4 yhteisty\u00f6ss\u00e4 Suomen Palloliton kanssa pelinohjaajakoulutuksen kaikille yli 12-vuotiaille kopselaisille. Koulutus valmistaa toimimaan pelinohjaajana 7-11-vuotiaiden lasten otteluissa. Samalla kurssi tuo osallistujat l\u00e4hemm\u00e4s erotuomaritoimintaa kouluttamalla jalkapallos\u00e4\u00e4nt\u00f6j\u00e4 ja k\u00e4yt\u00e4nn\u00f6n toimintaa oikeudenjakajan roolissa.<\/p>\n<p><strong>HUOM:<\/strong> my\u00f6s aikuiset, jotka haluavat toimia pelinohjaajina tai jotka aikovat jatkossa erotuomariuralle, ovat eritt\u00e4in tervetulleita.<\/p>\n<p>Koulutus on Kopsen v\u00e4elle ilmainen. Seuraavasta kurssista tiedotetaan kun sen ajankohta on varmistunut.<\/p>\n[\/vc_column_text][\/vc_column][\/vc_row]\n<\/div>","protected":false},"excerpt":{"rendered":"<p>[vc_row][vc_column][vc_column_text] Seura on budjetoinut erikseen koulutus\u00adrahaa joukkueiden toimihenkil\u00f6iden kouluttamiseen. Seurakoulutusta ja seuratoiminnan seminaareja j\u00e4rjest\u00e4\u00e4 my\u00f6s Etel\u00e4-Suomen Liikunta ja Urheilu ry (ESLU), jonka j\u00e4sen Korson Pallo\u00adseurakin on. Valmentajakoulutus Seuraava Futisvalmentajan startti -koulutus maaliskuussa 2025, ilmoittautuminen linkist\u00e4 Koulutuksen l\u00e4hip\u00e4iv\u00e4t: La 22.3 klo 9.00-17.00 Su 6.4 klo 9.00-17.00&#8230;<\/p>\n","protected":false},"author":1,"featured_media":0,"parent":0,"menu_order":0,"comment_status":"closed","ping_status":"closed","template":"","meta":{"_bbp_topic_count":0,"_bbp_reply_count":0,"_bbp_total_topic_count":0,"_bbp_total_reply_count":0,"_bbp_voice_count":0,"_bbp_anonymous_reply_count":0,"_bbp_topic_count_hidden":0,"_bbp_reply_count_hidden":0,"_bbp_forum_subforum_count":0,"footnotes":""},"class_list":["post-11076","page","type-page","status-publish","hentry"],"_links":{"self":[{"href":"https:\/\/kopse.org\/index.php?rest_route=\/wp\/v2\/pages\/11076","targetHints":{"allow":["GET"]}}],"collection":[{"href":"https:\/\/kopse.org\/index.php?rest_route=\/wp\/v2\/pages"}],"about":[{"href":"https:\/\/kopse.org\/index.php?rest_route=\/wp\/v2\/types\/page"}],"author":[{"embeddable":true,"href":"https:\/\/kopse.org\/index.php?rest_route=\/wp\/v2\/users\/1"}],"replies":[{"embeddable":true,"href":"https:\/\/kopse.org\/index.php?rest_route=%2Fwp%2Fv2%2Fcomments&post=11076"}],"version-history":[{"count":24,"href":"https:\/\/kopse.org\/index.php?rest_route=\/wp\/v2\/pages\/11076\/revisions"}],"predecessor-version":[{"id":20911,"href":"https:\/\/kopse.org\/index.php?rest_route=\/wp\/v2\/pages\/11076\/revisions\/20911"}],"wp:attachment":[{"href":"https:\/\/kopse.org\/index.php?rest_route=%2Fwp%2Fv2%2Fmedia&parent=11076"}],"curies":[{"name":"wp","href":"https:\/\/api.w.org\/{rel}","templated":true}]}}