{"id":11079,"date":"2019-09-06T08:49:06","date_gmt":"2019-09-06T08:49:06","guid":{"rendered":"http:\/\/31.217.192.125\/~kopseorg\/demo\/?page_id=11079"},"modified":"2026-01-30T14:32:56","modified_gmt":"2026-01-30T14:32:56","slug":"leirit","status":"publish","type":"page","link":"https:\/\/kopse.org\/?page_id=11079","title":{"rendered":"Leirit"},"content":{"rendered":"\n<figure class=\"wp-block-image size-large is-resized\"><a href=\"https:\/\/kopse.org\/wp-content\/uploads\/2024\/03\/kesal-1-scaled.jpg\"><img loading=\"lazy\" decoding=\"async\" width=\"768\" height=\"1024\" src=\"https:\/\/kopse.org\/wp-content\/uploads\/2024\/03\/kesal-1-768x1024.jpg\" alt=\"\" class=\"wp-image-20045\" style=\"width:454px;height:auto\" srcset=\"https:\/\/kopse.org\/wp-content\/uploads\/2024\/03\/kesal-1-768x1024.jpg 768w, https:\/\/kopse.org\/wp-content\/uploads\/2024\/03\/kesal-1-225x300.jpg 225w, https:\/\/kopse.org\/wp-content\/uploads\/2024\/03\/kesal-1-1152x1536.jpg 1152w, https:\/\/kopse.org\/wp-content\/uploads\/2024\/03\/kesal-1-1536x2048.jpg 1536w, https:\/\/kopse.org\/wp-content\/uploads\/2024\/03\/kesal-1-600x800.jpg 600w, https:\/\/kopse.org\/wp-content\/uploads\/2024\/03\/kesal-1-scaled.jpg 1920w\" sizes=\"auto, (max-width: 768px) 100vw, 768px\" \/><\/a><\/figure>\n\n\n\n<h4 class=\"wp-block-heading\">Kes\u00e4kuu 2026<\/h4>\n\n\n\n<p>Korson Palloseura j\u00e4rjest\u00e4\u00e4 jalkapalloleirin vuosina 2013 \u2013 2018 -syntyneille tyt\u00f6ille ja pojille. Leiri on tarkoitettu kaikille jalkapalloa jo harrastaville junioreille, jotka haluavat viett\u00e4\u00e4 kes\u00e4loman alkua lempiharrastuksensa parissa. Leirin hinta sis\u00e4lt\u00e4\u00e4 l\u00e4mpim\u00e4n lounasruokailun, v\u00e4lipalan sek\u00e4 valmennuksen.<br>Leirille voi osallistua joko yhdeksi tai kahdeksi viikoksi.<br><\/p>\n\n\n\n<p>Mukaan tarvitset juomapullon, nappikset, s\u00e4\u00e4risuojat, jalkapallon sek\u00e4 s\u00e4\u00e4nmukaiset ulkoliikuntavaatteet. Osallistujalla tulee olla oma tai Palloliiton kautta otettu urheiluvakuutus. Leirill\u00e4 valmentajina toimivat nuoret valmentajat, joilla on jalkapallotausta ja valvojina seuran t\u00e4ysi-ik\u00e4iset ty\u00f6ntekij\u00e4t.<br><\/p>\n\n\n\n<p>Lounastauolla sy\u00f6d\u00e4\u00e4n l\u00e4mmin ateria joko Jokivarren koulussa tai Jokivarren kent\u00e4ll\u00e4. Iltap\u00e4iv\u00e4ll\u00e4 tarjotaan pieni v\u00e4lipala. Omia ev\u00e4it\u00e4 voi ottaa my\u00f6s mukaan.<br><\/p>\n\n\n\n<p><strong>Paikka:<\/strong> Jokivarren tekonurmikentt\u00e4 (Aulis Aktia Areena), Sorvatie 18, 01450 Vantaa,<br><strong>Aika:<\/strong><\/p>\n\n\n\n<p>o Leiri I 1. \u2013 5.6.2026<br>o Leiri II 8. \u2013 12.6.2026<\/p>\n\n\n\n<h5 class=\"wp-block-heading\">Leirin aikataulu:<\/h5>\n\n\n\n<p>9.00 Ilmoittautuminen ja nimenhuuto Jokivarren kent\u00e4n pukuhuonerakennuksen luona<br>9.30 \u2014 11.00 Harjoitukset<br>11.00 \u2014 11.15 Siirtym\u00e4 harjoituksista ruokailuun<br>11.15 \u2014 12.00 L\u00e4mmin lounas<br>12.00 \u2014 13.00 Leiriohjelmaa (visailuja, videoita, muuta liikuntaa)<br>13.00 \u2014 13.15 Siirtyminen kent\u00e4lle ja harjoitusten pariin<br>13.15 \u2014 14.45 Harjoitukset<br>14.45 \u2014 15.00 V\u00e4lipala ja kotiinl\u00e4ht\u00f6<br><\/p>\n\n\n\n<h5 class=\"wp-block-heading\">Leirin hinta:<\/h5>\n\n\n\n<p><strong> <\/strong>1 viikko 120 \u20ac\/lapsi ja 2 viikkoa 195 \u20ac\/lapsi.<br><strong>Perhehinta: <\/strong>Toinen tai kolmas lapsi samasta perheest\u00e4 1 viikko 100 \u20ac\/lapsi ja 2 viikkoa 180 \u20ac\/lapsi.<br><\/p>\n\n\n\n<p><strong>Laskun leirist\u00e4 saat ilmoittautumisen yhteydess\u00e4 ilmoittautumisj\u00e4rjestelm\u00e4st\u00e4. Lasku tulee olla maksettuna ennen leirin alkamista.<\/strong><br>Peruutustapauksissa maksun palautus t\u00e4ysm\u00e4\u00e4r\u00e4isen\u00e4 vain l\u00e4\u00e4k\u00e4rintodistusta vastaan.<br><\/p>\n\n\n\n<h5 class=\"wp-block-heading\">Ilmoittautumislinkit<\/h5>\n\n\n\n<ul class=\"wp-block-list\">\n<li>Ilmoittautuminen alkaa sunnuntaina 22.2.2026 kello 12:00<\/li>\n<\/ul>\n\n\n\n<p>Varapaikka tarkoittaa, ett\u00e4 ilmoittautuminen on jonossa. Jos tulee peruutuksia, niin silloin varapaikalta voi p\u00e4\u00e4st\u00e4 leirille. T\u00e4st\u00e4 ilmoitetaan erikseen, mik\u00e4li varapaikalla olija p\u00e4\u00e4see osallistumaan leirille.<\/p>\n\n\n\n<p><strong>Leiri I (1.-5.6.2026, 1 viikko)<\/strong><\/p>\n\n\n\n<p><a href=\"https:\/\/korsonpalloseura.myclub.fi\/flow\/events\/10312020\" target=\"_blank\" rel=\"noreferrer noopener\">KOPSEn Kes\u00e4leiri I (1.-5.6.2026)<\/a><\/p>\n\n\n\n<p><strong>Leiri II (8.\u201312.6.2026, 1 viikko)<br><\/strong><a href=\"https:\/\/korsonpalloseura.myclub.fi\/flow\/events\/10312049\" target=\"_blank\" rel=\"noreferrer noopener\">KOPSEn Kes\u00e4leiri II (8-12.6.2026)<\/a><\/p>\n\n\n\n<p><strong>Leiri I + II (2 viikkoa)<\/strong><\/p>\n\n\n\n<p><a href=\"https:\/\/korsonpalloseura.myclub.fi\/flow\/events\/10312066\" target=\"_blank\" rel=\"noreferrer noopener\">KOPSEn Kes\u00e4leiri 1&amp;2 (1-12.6.2026)<\/a><strong><br><\/strong><\/p>\n\n\n\n<figure class=\"wp-block-image size-large is-resized\"><a href=\"https:\/\/kopse.org\/wp-content\/uploads\/2024\/03\/IMG-1366KUVA-1-scaled.jpg\"><img loading=\"lazy\" decoding=\"async\" width=\"1024\" height=\"768\" src=\"https:\/\/kopse.org\/wp-content\/uploads\/2024\/03\/IMG-1366KUVA-1-1024x768.jpg\" alt=\"\" class=\"wp-image-20049\" style=\"width:433px;height:auto\" srcset=\"https:\/\/kopse.org\/wp-content\/uploads\/2024\/03\/IMG-1366KUVA-1-1024x768.jpg 1024w, https:\/\/kopse.org\/wp-content\/uploads\/2024\/03\/IMG-1366KUVA-1-300x225.jpg 300w, https:\/\/kopse.org\/wp-content\/uploads\/2024\/03\/IMG-1366KUVA-1-768x576.jpg 768w, https:\/\/kopse.org\/wp-content\/uploads\/2024\/03\/IMG-1366KUVA-1-1536x1152.jpg 1536w, https:\/\/kopse.org\/wp-content\/uploads\/2024\/03\/IMG-1366KUVA-1-800x600.jpg 800w\" sizes=\"auto, (max-width: 1024px) 100vw, 1024px\" \/><\/a><\/figure>\n\n\n\n<p><\/p>\n\n\n\n<p><strong>Lis\u00e4tiedot leirist\u00e4:<\/strong><\/p>\n\n\n\n<p><strong>Valmennusp\u00e4\u00e4llikk\u00f6 Toni Tikkanen<\/strong><br>+358 40 019 6664<br>toni.tikkanen(at)kopse.org<\/p>\n\n\n\n<p><strong>Toiminnanjohtaja <\/strong>Petri Haapimaa<br>toimisto(at)kopse.org<br>+358 40 848 4050<\/p>\n","protected":false},"excerpt":{"rendered":"<p>Kes\u00e4kuu 2026 Korson Palloseura j\u00e4rjest\u00e4\u00e4 jalkapalloleirin vuosina 2013 \u2013 2018 -syntyneille tyt\u00f6ille ja pojille. Leiri on tarkoitettu kaikille jalkapalloa jo harrastaville junioreille, jotka haluavat viett\u00e4\u00e4 kes\u00e4loman alkua lempiharrastuksensa parissa. Leirin hinta sis\u00e4lt\u00e4\u00e4 l\u00e4mpim\u00e4n lounasruokailun, v\u00e4lipalan sek\u00e4 valmennuksen.Leirille voi osallistua joko yhdeksi tai kahdeksi viikoksi. Mukaan&#8230;<\/p>\n","protected":false},"author":1,"featured_media":0,"parent":0,"menu_order":0,"comment_status":"closed","ping_status":"closed","template":"","meta":{"_bbp_topic_count":0,"_bbp_reply_count":0,"_bbp_total_topic_count":0,"_bbp_total_reply_count":0,"_bbp_voice_count":0,"_bbp_anonymous_reply_count":0,"_bbp_topic_count_hidden":0,"_bbp_reply_count_hidden":0,"_bbp_forum_subforum_count":0,"footnotes":""},"class_list":["post-11079","page","type-page","status-publish","hentry"],"_links":{"self":[{"href":"https:\/\/kopse.org\/index.php?rest_route=\/wp\/v2\/pages\/11079","targetHints":{"allow":["GET"]}}],"collection":[{"href":"https:\/\/kopse.org\/index.php?rest_route=\/wp\/v2\/pages"}],"about":[{"href":"https:\/\/kopse.org\/index.php?rest_route=\/wp\/v2\/types\/page"}],"author":[{"embeddable":true,"href":"https:\/\/kopse.org\/index.php?rest_route=\/wp\/v2\/users\/1"}],"replies":[{"embeddable":true,"href":"https:\/\/kopse.org\/index.php?rest_route=%2Fwp%2Fv2%2Fcomments&post=11079"}],"version-history":[{"count":54,"href":"https:\/\/kopse.org\/index.php?rest_route=\/wp\/v2\/pages\/11079\/revisions"}],"predecessor-version":[{"id":21466,"href":"https:\/\/kopse.org\/index.php?rest_route=\/wp\/v2\/pages\/11079\/revisions\/21466"}],"wp:attachment":[{"href":"https:\/\/kopse.org\/index.php?rest_route=%2Fwp%2Fv2%2Fmedia&parent=11079"}],"curies":[{"name":"wp","href":"https:\/\/api.w.org\/{rel}","templated":true}]}}