{"id":11082,"date":"2019-09-06T08:50:39","date_gmt":"2019-09-06T08:50:39","guid":{"rendered":"http:\/\/31.217.192.125\/~kopseorg\/demo\/?page_id=11082"},"modified":"2022-12-09T09:18:51","modified_gmt":"2022-12-09T09:18:51","slug":"valmennus","status":"publish","type":"page","link":"https:\/\/kopse.org\/?page_id=11082","title":{"rendered":"Valmennus"},"content":{"rendered":"<p>Kopsen valmennuksen perusta on seuran vuonna 2022 p\u00e4ivitety Valmennuslinja.<\/p>\n<p><a href=\"https:\/\/kopse.org\/wp-content\/uploads\/2022\/12\/VALMENNUSLINJA-pp.pdf\" target=\"_blank\" rel=\"noopener\">Avaa t\u00e4st\u00e4 valmennuslinja 2022<\/a><\/p>\n<p>Valmennuslinja antaa yleiset raamit harjoitusten suunnittelulle ja eri ik\u00e4luokkien harjoittelun sis\u00e4ll\u00f6lle, mutta ei yksityiskohtaisesti m\u00e4\u00e4rittele yksitt\u00e4isen treenikerran tekemist\u00e4. Valmennuslinjan jalkauttamisesta kent\u00e4lle vastaavat Kopsen juniorip\u00e4\u00e4llikk\u00f6 (11-v. ja alle) ja valmennusp\u00e4\u00e4llikk\u00f6 (12-v. ja vanhemmat) .<\/p>\n<p>Kussakin ik\u00e4luokassa harjoitukset ja pelit muodostavat toiminnan perustan. Lis\u00e4ksi tarjoamme maalivahti- ja taitovalmennusta.<\/p>\n<p>Kysy lis\u00e4\u00e4 valmennuksesta oman ik\u00e4luokkasi valmentajalta tai valmennusp\u00e4\u00e4llik\u00f6lt\u00e4.<\/p>\n","protected":false},"excerpt":{"rendered":"<p>Kopsen valmennuksen perusta on seuran vuonna 2022 p\u00e4ivitety Valmennuslinja. Avaa t\u00e4st\u00e4 valmennuslinja 2022 Valmennuslinja antaa yleiset raamit harjoitusten suunnittelulle ja eri ik\u00e4luokkien harjoittelun sis\u00e4ll\u00f6lle, mutta ei yksityiskohtaisesti m\u00e4\u00e4rittele yksitt\u00e4isen treenikerran tekemist\u00e4. Valmennuslinjan jalkauttamisesta kent\u00e4lle vastaavat Kopsen juniorip\u00e4\u00e4llikk\u00f6 (11-v. ja alle) ja valmennusp\u00e4\u00e4llikk\u00f6 (12-v. ja vanhemmat)&#8230;<\/p>\n","protected":false},"author":1,"featured_media":0,"parent":0,"menu_order":0,"comment_status":"closed","ping_status":"closed","template":"","meta":{"_bbp_topic_count":0,"_bbp_reply_count":0,"_bbp_total_topic_count":0,"_bbp_total_reply_count":0,"_bbp_voice_count":0,"_bbp_anonymous_reply_count":0,"_bbp_topic_count_hidden":0,"_bbp_reply_count_hidden":0,"_bbp_forum_subforum_count":0,"footnotes":""},"class_list":["post-11082","page","type-page","status-publish","hentry"],"_links":{"self":[{"href":"https:\/\/kopse.org\/index.php?rest_route=\/wp\/v2\/pages\/11082","targetHints":{"allow":["GET"]}}],"collection":[{"href":"https:\/\/kopse.org\/index.php?rest_route=\/wp\/v2\/pages"}],"about":[{"href":"https:\/\/kopse.org\/index.php?rest_route=\/wp\/v2\/types\/page"}],"author":[{"embeddable":true,"href":"https:\/\/kopse.org\/index.php?rest_route=\/wp\/v2\/users\/1"}],"replies":[{"embeddable":true,"href":"https:\/\/kopse.org\/index.php?rest_route=%2Fwp%2Fv2%2Fcomments&post=11082"}],"version-history":[{"count":11,"href":"https:\/\/kopse.org\/index.php?rest_route=\/wp\/v2\/pages\/11082\/revisions"}],"predecessor-version":[{"id":17519,"href":"https:\/\/kopse.org\/index.php?rest_route=\/wp\/v2\/pages\/11082\/revisions\/17519"}],"wp:attachment":[{"href":"https:\/\/kopse.org\/index.php?rest_route=%2Fwp%2Fv2%2Fmedia&parent=11082"}],"curies":[{"name":"wp","href":"https:\/\/api.w.org\/{rel}","templated":true}]}}