{"id":18,"date":"2019-05-01T09:07:51","date_gmt":"2019-05-01T09:07:51","guid":{"rendered":"http:\/\/31.217.192.125\/~kopseorg\/demo\/?page_id=18"},"modified":"2023-01-11T11:11:34","modified_gmt":"2023-01-11T11:11:34","slug":"18-2","status":"publish","type":"page","link":"https:\/\/kopse.org\/?page_id=18","title":{"rendered":"Pelaajalle"},"content":{"rendered":"<h2><b>Aloita jalkapallo!<\/b><\/h2>\n<p><span style=\"font-weight: 400;\">Tule pelaamaan jalkapalloa Korson Palloseuraan eli KOPSEen.\u00a0<\/span><\/p>\n<p><span style=\"font-weight: 400;\">Voit aloittaa jalkapallon vaikka heti!<\/span><\/p>\n<p>Ennen liittymist\u00e4 kannattaa tutustua\u00a0<a href=\"https:\/\/kopse.org\/wp-content\/uploads\/2022\/11\/Seuratoimintaopas_KOPSE_2022.pdf\" target=\"_blank\" rel=\"noopener\">Seuratoimintaoppaaseen<\/a>, josta selvi\u00e4\u00e4 paljon perustietoja jalkapallojoukkueessa toimimisesta!\u00a0<\/p>\n<p>Before joining, you should familiarize yourself with\u00a0<a href=\"https:\/\/kopse.org\/wp-content\/uploads\/2022\/11\/Guidelines_KOPSE_2022.pdf\" target=\"_blank\" rel=\"noopener\">the Guidelines -document<\/a>, which provides a lot of basic information about participating in a football team!<\/p>\n<h4><b>Mit\u00e4 tarvitset ensimm\u00e4isiss\u00e4 treeneiss\u00e4?<\/b><\/h4>\n<p><span style=\"font-weight: 400;\">Ota mukaan hyv\u00e4 mieli, urheilulliset vaatteet ja t\u00e4yt\u00e4 juomapullo vedell\u00e4! Jalkapalloa pelataan nappiksilla, mutta ensimm\u00e4isiss\u00e4 treeneiss\u00e4 voit pelata lenkkareissa. S\u00e4\u00e4risuojat ovat pakolliset jalkapallokent\u00e4ll\u00e4, koska ne suojaavat kolhuilta.<\/span><\/p>\n<p>KOPSE-varusteet hankitaan Tammiston Intersportista &#8211; joko suoraan myym\u00e4l\u00e4st\u00e4 tai verkkokaupan kautta <a href=\"https:\/\/seurakauppa.intersport.fi\/\" target=\"_blank\" rel=\"noopener\">https:\/\/seurakauppa.intersport.fi\/<\/a><\/p>\n<h4><b>Miss\u00e4 treenit?<\/b><\/h4>\n<p><span style=\"font-weight: 400;\">Kopsen treenit ovat kes\u00e4kaudella (huhti-lokakuu) p\u00e4\u00e4asiallisesti Kopsen omalla Aulis Aktia Areenalla Korson Jokivarressa. Talvisin harjoittelemme Korsossa Peakfin Areenalla, Tikkurilan ja Hakunilan Urheilupuistoissa sek\u00e4 koulujen saleissa.\u00a0<\/span><\/p>\n<p><span style=\"font-weight: 400;\">Tutustu joukkueen treeni- ja pelivuoroihin ik\u00e4luokkasi j<\/span><span style=\"font-weight: 400;\">oukkueen sivuilla<\/span><span style=\"font-weight: 400;\">.\u00a0<\/span><\/p>\n<p><span style=\"font-weight: 400;\">Otathan yhteyttt\u00e4 oman ik\u00e4luokkasi joukkuuenjohtajaan ennen ensimm\u00e4isi\u00e4 treenej\u00e4 ja ilmoita tulostasi!<\/span><\/p>\n\n\n<p><\/p>\n","protected":false},"excerpt":{"rendered":"<p>Aloita jalkapallo! Tule pelaamaan jalkapalloa Korson Palloseuraan eli KOPSEen.\u00a0 Voit aloittaa jalkapallon vaikka heti! Ennen liittymist\u00e4 kannattaa tutustua\u00a0Seuratoimintaoppaaseen, josta selvi\u00e4\u00e4 paljon perustietoja jalkapallojoukkueessa toimimisesta!\u00a0 Before joining, you should familiarize yourself with\u00a0the Guidelines -document, which provides a lot of basic information about participating in a football&#8230;<\/p>\n","protected":false},"author":1,"featured_media":0,"parent":0,"menu_order":0,"comment_status":"closed","ping_status":"closed","template":"","meta":{"_bbp_topic_count":0,"_bbp_reply_count":0,"_bbp_total_topic_count":0,"_bbp_total_reply_count":0,"_bbp_voice_count":0,"_bbp_anonymous_reply_count":0,"_bbp_topic_count_hidden":0,"_bbp_reply_count_hidden":0,"_bbp_forum_subforum_count":0,"footnotes":""},"class_list":["post-18","page","type-page","status-publish","hentry"],"_links":{"self":[{"href":"https:\/\/kopse.org\/index.php?rest_route=\/wp\/v2\/pages\/18","targetHints":{"allow":["GET"]}}],"collection":[{"href":"https:\/\/kopse.org\/index.php?rest_route=\/wp\/v2\/pages"}],"about":[{"href":"https:\/\/kopse.org\/index.php?rest_route=\/wp\/v2\/types\/page"}],"author":[{"embeddable":true,"href":"https:\/\/kopse.org\/index.php?rest_route=\/wp\/v2\/users\/1"}],"replies":[{"embeddable":true,"href":"https:\/\/kopse.org\/index.php?rest_route=%2Fwp%2Fv2%2Fcomments&post=18"}],"version-history":[{"count":42,"href":"https:\/\/kopse.org\/index.php?rest_route=\/wp\/v2\/pages\/18\/revisions"}],"predecessor-version":[{"id":17825,"href":"https:\/\/kopse.org\/index.php?rest_route=\/wp\/v2\/pages\/18\/revisions\/17825"}],"wp:attachment":[{"href":"https:\/\/kopse.org\/index.php?rest_route=%2Fwp%2Fv2%2Fmedia&parent=18"}],"curies":[{"name":"wp","href":"https:\/\/api.w.org\/{rel}","templated":true}]}}