{"id":18298,"date":"2023-03-20T07:18:18","date_gmt":"2023-03-20T07:18:18","guid":{"rendered":"https:\/\/kopse.org\/?page_id=18298"},"modified":"2024-09-24T14:17:32","modified_gmt":"2024-09-24T14:17:32","slug":"blogit","status":"publish","type":"page","link":"https:\/\/kopse.org\/?page_id=18298","title":{"rendered":"Blogit"},"content":{"rendered":"\n<figure class=\"wp-block-embed is-type-wp-embed is-provider-kopse-korson-palloseura-ry wp-block-embed-kopse-korson-palloseura-ry\"><div class=\"wp-block-embed__wrapper\">\n<blockquote class=\"wp-embedded-content\" data-secret=\"2fcaCYKVI4\"><a href=\"https:\/\/kopse.org\/?p=20575\">\u201cMulla yksi pyynt\u00f6 ois..\u201d<\/a><\/blockquote><iframe loading=\"lazy\" class=\"wp-embedded-content\" sandbox=\"allow-scripts\" security=\"restricted\" style=\"position: absolute; visibility: hidden;\" title=\"&#8221;\u201cMulla yksi pyynt\u00f6 ois..\u201d&#8221; &#8212; KOPSE - Korson palloseura ry\" src=\"https:\/\/kopse.org\/?p=20575&#038;embed=true#?secret=FlJfe6cS7r#?secret=2fcaCYKVI4\" data-secret=\"2fcaCYKVI4\" width=\"600\" height=\"338\" frameborder=\"0\" marginwidth=\"0\" marginheight=\"0\" scrolling=\"no\"><\/iframe>\n<\/div><\/figure>\n\n\n\n<figure class=\"wp-block-embed is-type-wp-embed is-provider-kopse-korson-palloseura-ry wp-block-embed-kopse-korson-palloseura-ry\"><div class=\"wp-block-embed__wrapper\">\n<blockquote class=\"wp-embedded-content\" data-secret=\"te2eWSpPmz\"><a href=\"https:\/\/kopse.org\/?p=19987\">Futsalin Manifesto<\/a><\/blockquote><iframe loading=\"lazy\" class=\"wp-embedded-content\" sandbox=\"allow-scripts\" security=\"restricted\" style=\"position: absolute; visibility: hidden;\" title=\"&#8221;Futsalin Manifesto&#8221; &#8212; KOPSE - Korson palloseura ry\" src=\"https:\/\/kopse.org\/?p=19987&#038;embed=true#?secret=TxteDRfRxT#?secret=te2eWSpPmz\" data-secret=\"te2eWSpPmz\" width=\"600\" height=\"338\" frameborder=\"0\" marginwidth=\"0\" marginheight=\"0\" scrolling=\"no\"><\/iframe>\n<\/div><\/figure>\n\n\n\n<figure class=\"wp-block-embed is-type-wp-embed is-provider-kopse-korson-palloseura-ry wp-block-embed-kopse-korson-palloseura-ry\"><div class=\"wp-block-embed__wrapper\">\n<blockquote class=\"wp-embedded-content\" data-secret=\"DbRHvKOO0R\"><a href=\"https:\/\/kopse.org\/?p=19407\">Vaikuta seuran toimintaan sis\u00e4lt\u00e4p\u00e4in!<\/a><\/blockquote><iframe loading=\"lazy\" class=\"wp-embedded-content\" sandbox=\"allow-scripts\" security=\"restricted\" style=\"position: absolute; visibility: hidden;\" title=\"&#8221;Vaikuta seuran toimintaan sis\u00e4lt\u00e4p\u00e4in!&#8221; &#8212; KOPSE - Korson palloseura ry\" src=\"https:\/\/kopse.org\/?p=19407&#038;embed=true#?secret=fvKnAC6v1c#?secret=DbRHvKOO0R\" data-secret=\"DbRHvKOO0R\" width=\"600\" height=\"338\" frameborder=\"0\" marginwidth=\"0\" marginheight=\"0\" scrolling=\"no\"><\/iframe>\n<\/div><\/figure>\n\n\n\n<figure class=\"wp-block-embed is-type-wp-embed is-provider-kopse-korson-palloseura-ry wp-block-embed-kopse-korson-palloseura-ry\"><div class=\"wp-block-embed__wrapper\">\n<blockquote class=\"wp-embedded-content\" data-secret=\"cy2aRusQ5j\"><a href=\"https:\/\/kopse.org\/?p=18301\">Kiire jalkapallossa<\/a><\/blockquote><iframe loading=\"lazy\" class=\"wp-embedded-content\" sandbox=\"allow-scripts\" security=\"restricted\" style=\"position: absolute; visibility: hidden;\" title=\"&#8221;Kiire jalkapallossa&#8221; &#8212; KOPSE - Korson palloseura ry\" src=\"https:\/\/kopse.org\/?p=18301&#038;embed=true#?secret=9Mrw1HnmHW#?secret=cy2aRusQ5j\" data-secret=\"cy2aRusQ5j\" width=\"600\" height=\"338\" frameborder=\"0\" marginwidth=\"0\" marginheight=\"0\" scrolling=\"no\"><\/iframe>\n<\/div><\/figure>\n","protected":false},"excerpt":{"rendered":"https:\/\/kopse.org\/?p=20575 https:\/\/kopse.org\/?p=19987 https:\/\/kopse.org\/?p=19407 https:\/\/kopse.org\/?p=18301","protected":false},"author":1,"featured_media":0,"parent":0,"menu_order":0,"comment_status":"closed","ping_status":"closed","template":"","meta":{"_bbp_topic_count":0,"_bbp_reply_count":0,"_bbp_total_topic_count":0,"_bbp_total_reply_count":0,"_bbp_voice_count":0,"_bbp_anonymous_reply_count":0,"_bbp_topic_count_hidden":0,"_bbp_reply_count_hidden":0,"_bbp_forum_subforum_count":0,"footnotes":""},"class_list":["post-18298","page","type-page","status-publish","hentry"],"_links":{"self":[{"href":"https:\/\/kopse.org\/index.php?rest_route=\/wp\/v2\/pages\/18298","targetHints":{"allow":["GET"]}}],"collection":[{"href":"https:\/\/kopse.org\/index.php?rest_route=\/wp\/v2\/pages"}],"about":[{"href":"https:\/\/kopse.org\/index.php?rest_route=\/wp\/v2\/types\/page"}],"author":[{"embeddable":true,"href":"https:\/\/kopse.org\/index.php?rest_route=\/wp\/v2\/users\/1"}],"replies":[{"embeddable":true,"href":"https:\/\/kopse.org\/index.php?rest_route=%2Fwp%2Fv2%2Fcomments&post=18298"}],"version-history":[{"count":11,"href":"https:\/\/kopse.org\/index.php?rest_route=\/wp\/v2\/pages\/18298\/revisions"}],"predecessor-version":[{"id":20581,"href":"https:\/\/kopse.org\/index.php?rest_route=\/wp\/v2\/pages\/18298\/revisions\/20581"}],"wp:attachment":[{"href":"https:\/\/kopse.org\/index.php?rest_route=%2Fwp%2Fv2%2Fmedia&parent=18298"}],"curies":[{"name":"wp","href":"https:\/\/api.w.org\/{rel}","templated":true}]}}