{"id":27,"date":"2019-05-01T09:20:15","date_gmt":"2019-05-01T09:20:15","guid":{"rendered":"http:\/\/31.217.192.125\/~kopseorg\/demo\/?page_id=27"},"modified":"2025-09-18T06:25:29","modified_gmt":"2025-09-18T06:25:29","slug":"joukkueet","status":"publish","type":"page","link":"https:\/\/kopse.org\/?page_id=27","title":{"rendered":"Joukkueet"},"content":{"rendered":"<h2>Kopsessa on toimintaa kaikenik\u00e4isille<\/h2>\n\n<div class=\"su-list custom-list\" style=\"margin-left:0px\">\n\n\n<ul>\n<li><i class=\"sui sui-caret-right\" style=\"color:#06B35C\"><\/i> Perhefutis ja Futiskerho 2\u20135-vuotiaille<\/li>\n<li><i class=\"sui sui-caret-right\" style=\"color:#06B35C\"><\/i> Ik\u00e4luokkajoukkueet kuusivuotiaista alkaen<\/li>\n<li><i class=\"sui sui-caret-right\" style=\"color:#06B35C\"><\/i> Aikuisten harrastejoukkueet<\/li>\n<\/ul>\n\n<\/div>\n\n\n<p>Tutustu joukkueisiin heid\u00e4n sivuillaan. Helpoiten p\u00e4\u00e4set mukaan toimintaan ottamalla yhteytt\u00e4 oman ik\u00e4luokkasi joukkueenjohtajaan, katso yhteystiedot joukkueen sivulta. Kaikilla ei ole puhelinnumeroa ilmoitettuna, ota silloin yhteytt\u00e4 s\u00e4hk\u00f6postilla. S\u00e4hk\u00f6postiosoitteessa oleva (at) merkint\u00e4 tarkoittaa @-merkki\u00e4. T\u00e4m\u00e4 merkint\u00e4tapa v\u00e4hent\u00e4\u00e4 roskapostin m\u00e4\u00e4r\u00e4\u00e4.<\/p>\n<p><strong>Tervetuloa mukaan!<\/strong><\/p>","protected":false},"excerpt":{"rendered":"<p>Kopsessa on toimintaa kaikenik\u00e4isille Tutustu joukkueisiin heid\u00e4n sivuillaan. Helpoiten p\u00e4\u00e4set mukaan toimintaan ottamalla yhteytt\u00e4 oman ik\u00e4luokkasi joukkueenjohtajaan, katso yhteystiedot joukkueen sivulta. Kaikilla ei ole puhelinnumeroa ilmoitettuna, ota silloin yhteytt\u00e4 s\u00e4hk\u00f6postilla. S\u00e4hk\u00f6postiosoitteessa oleva (at) merkint\u00e4 tarkoittaa @-merkki\u00e4. T\u00e4m\u00e4 merkint\u00e4tapa v\u00e4hent\u00e4\u00e4 roskapostin m\u00e4\u00e4r\u00e4\u00e4. Tervetuloa mukaan!<\/p>\n","protected":false},"author":1,"featured_media":0,"parent":0,"menu_order":0,"comment_status":"closed","ping_status":"closed","template":"","meta":{"_bbp_topic_count":0,"_bbp_reply_count":0,"_bbp_total_topic_count":0,"_bbp_total_reply_count":0,"_bbp_voice_count":0,"_bbp_anonymous_reply_count":0,"_bbp_topic_count_hidden":0,"_bbp_reply_count_hidden":0,"_bbp_forum_subforum_count":0,"footnotes":""},"class_list":["post-27","page","type-page","status-publish","hentry"],"_links":{"self":[{"href":"https:\/\/kopse.org\/index.php?rest_route=\/wp\/v2\/pages\/27","targetHints":{"allow":["GET"]}}],"collection":[{"href":"https:\/\/kopse.org\/index.php?rest_route=\/wp\/v2\/pages"}],"about":[{"href":"https:\/\/kopse.org\/index.php?rest_route=\/wp\/v2\/types\/page"}],"author":[{"embeddable":true,"href":"https:\/\/kopse.org\/index.php?rest_route=\/wp\/v2\/users\/1"}],"replies":[{"embeddable":true,"href":"https:\/\/kopse.org\/index.php?rest_route=%2Fwp%2Fv2%2Fcomments&post=27"}],"version-history":[{"count":16,"href":"https:\/\/kopse.org\/index.php?rest_route=\/wp\/v2\/pages\/27\/revisions"}],"predecessor-version":[{"id":21199,"href":"https:\/\/kopse.org\/index.php?rest_route=\/wp\/v2\/pages\/27\/revisions\/21199"}],"wp:attachment":[{"href":"https:\/\/kopse.org\/index.php?rest_route=%2Fwp%2Fv2%2Fmedia&parent=27"}],"curies":[{"name":"wp","href":"https:\/\/api.w.org\/{rel}","templated":true}]}}