{"id":33,"date":"2019-05-01T09:21:02","date_gmt":"2019-05-01T09:21:02","guid":{"rendered":"http:\/\/31.217.192.125\/~kopseorg\/demo\/?page_id=33"},"modified":"2020-01-26T08:36:04","modified_gmt":"2020-01-26T08:36:04","slug":"toiminta","status":"publish","type":"page","link":"https:\/\/kopse.org\/?page_id=33","title":{"rendered":"Toiminta"},"content":{"rendered":"<p>Seurana tarjoamme alueen kaikille jalkapallon harrastajille laadukasta toimintaa, jolla on merkitt\u00e4v\u00e4 rooli yhteis\u00f6ss\u00e4.<\/p>\n<p>Huomioimme pelaajan yksil\u00f6llisyyden tarjoamalla jokaiselle h\u00e4nen taitotasoaan ja motivaatiotaan tukevan joukkueen. Haluamme, ett\u00e4 lasten vanhemmat ja huoltajat osallistuvat seuran toimintaan oman joukkueen v\u00e4lityksell\u00e4.<\/p>\n<p>Korson Palloseurassa arvostamme kaikenlaista liikuntaa. On sek\u00e4 pelaajan ett\u00e4 seuran hy\u00f6ty, jos joukkueet tai yksitt\u00e4iset pelaajat saavat kokea my\u00f6s muiden lajien tarjoamia mahdollisuuksia kuin vain jalkapallon.<\/p>\n","protected":false},"excerpt":{"rendered":"<p>Seurana tarjoamme alueen kaikille jalkapallon harrastajille laadukasta toimintaa, jolla on merkitt\u00e4v\u00e4 rooli yhteis\u00f6ss\u00e4. Huomioimme pelaajan yksil\u00f6llisyyden tarjoamalla jokaiselle h\u00e4nen taitotasoaan ja motivaatiotaan tukevan joukkueen. Haluamme, ett\u00e4 lasten vanhemmat ja huoltajat osallistuvat seuran toimintaan oman joukkueen v\u00e4lityksell\u00e4. Korson Palloseurassa arvostamme kaikenlaista liikuntaa. On sek\u00e4 pelaajan ett\u00e4&#8230;<\/p>\n","protected":false},"author":1,"featured_media":0,"parent":0,"menu_order":0,"comment_status":"closed","ping_status":"closed","template":"","meta":{"_bbp_topic_count":0,"_bbp_reply_count":0,"_bbp_total_topic_count":0,"_bbp_total_reply_count":0,"_bbp_voice_count":0,"_bbp_anonymous_reply_count":0,"_bbp_topic_count_hidden":0,"_bbp_reply_count_hidden":0,"_bbp_forum_subforum_count":0,"footnotes":""},"class_list":["post-33","page","type-page","status-publish","hentry"],"_links":{"self":[{"href":"https:\/\/kopse.org\/index.php?rest_route=\/wp\/v2\/pages\/33","targetHints":{"allow":["GET"]}}],"collection":[{"href":"https:\/\/kopse.org\/index.php?rest_route=\/wp\/v2\/pages"}],"about":[{"href":"https:\/\/kopse.org\/index.php?rest_route=\/wp\/v2\/types\/page"}],"author":[{"embeddable":true,"href":"https:\/\/kopse.org\/index.php?rest_route=\/wp\/v2\/users\/1"}],"replies":[{"embeddable":true,"href":"https:\/\/kopse.org\/index.php?rest_route=%2Fwp%2Fv2%2Fcomments&post=33"}],"version-history":[{"count":13,"href":"https:\/\/kopse.org\/index.php?rest_route=\/wp\/v2\/pages\/33\/revisions"}],"predecessor-version":[{"id":11957,"href":"https:\/\/kopse.org\/index.php?rest_route=\/wp\/v2\/pages\/33\/revisions\/11957"}],"wp:attachment":[{"href":"https:\/\/kopse.org\/index.php?rest_route=%2Fwp%2Fv2%2Fmedia&parent=33"}],"curies":[{"name":"wp","href":"https:\/\/api.w.org\/{rel}","templated":true}]}}