{"id":36,"date":"2019-05-01T09:21:17","date_gmt":"2019-05-01T09:21:17","guid":{"rendered":"http:\/\/31.217.192.125\/~kopseorg\/demo\/?page_id=36"},"modified":"2022-11-01T09:19:46","modified_gmt":"2022-11-01T09:19:46","slug":"liity-seuraan","status":"publish","type":"page","link":"https:\/\/kopse.org\/?page_id=36","title":{"rendered":"Liity seuraan"},"content":{"rendered":"<div class=\"wpb-content-wrapper\">[vc_row][vc_column][vc_column_text]\r\n<p><strong>Korson palloseurassa<\/strong> voit harrastaa jalkapalloa omien taitojen ja toiveiden mukaan. Toivotamme uudet pelaajat tervetulleiksi!<\/p>\r\n<p>Helpoiten p\u00e4\u00e4set mukaan toimintaan ottamalla yhteytt\u00e4 oman ik\u00e4luokkasi joukkueenjohtajaan, katso yhteystiedot joukkueen sivulta. <br \/><br \/>Kaikilla ei ole puhelinnumeroa ilmoitettuna, ota silloin yhteytt\u00e4 s\u00e4hk\u00f6postilla. S\u00e4hk\u00f6postiosoitteessa oleva (at) merkint\u00e4 tarkoittaa @-merkki\u00e4. T\u00e4m\u00e4 merkint\u00e4tapa v\u00e4hent\u00e4\u00e4 roskapostin m\u00e4\u00e4r\u00e4\u00e4.<\/p>\r\n<p>Ennen liittymist\u00e4 kannattaa tutustua <a href=\"https:\/\/kopse.org\/wp-content\/uploads\/2022\/11\/Seuratoimintaopas_KOPSE_2022.pdf\" target=\"_blank\" rel=\"noopener\">Seuratoimintaoppaaseen<\/a>, josta selvi\u00e4\u00e4 paljon perustietoja jalkapallojoukkueessa toimimisesta!\u00a0<\/p>\n<p>Before joining, you should familiarize yourself with <a href=\"https:\/\/kopse.org\/wp-content\/uploads\/2022\/11\/Guidelines_KOPSE_2022.pdf\" target=\"_blank\" rel=\"noopener\">the Guidelines -document<\/a>, which provides a lot of basic information about participating in a football team!<\/p>\n<div class=\"su-list custom-list\" style=\"margin-left:0px\">\n\r\n<ul>\r\n<li><i class=\"sui sui-caret-right\" style=\"color:#06B35C\"><\/i> <a href=\"https:\/\/kopse.org\/?page_id=10476\">Pojat<\/a><\/li>\r\n<li><i class=\"sui sui-caret-right\" style=\"color:#06B35C\"><\/i> <a href=\"https:\/\/kopse.org\/?page_id=10466\">Tyt\u00f6t<\/a><\/li>\r\n<li><i class=\"sui sui-caret-right\" style=\"color:#06B35C\"><\/i> <a href=\"https:\/\/kopse.org\/?page_id=10456\">Aikuiset<\/a><\/li>\r\n<li><i class=\"sui sui-caret-right\" style=\"color:#06B35C\"><\/i> <a href=\"https:\/\/kopse.org\/?page_id=10471\">Muut ryhm\u00e4t<\/a><\/li>\r\n<\/ul>\r\n<\/div>\n\r\n[\/vc_column_text][\/vc_column][\/vc_row]<\/div>","protected":false},"excerpt":{"rendered":"<p>[vc_row][vc_column][vc_column_text] Korson palloseurassa voit harrastaa jalkapalloa omien taitojen ja toiveiden mukaan. Toivotamme uudet pelaajat tervetulleiksi! Helpoiten p\u00e4\u00e4set mukaan toimintaan ottamalla yhteytt\u00e4 oman ik\u00e4luokkasi joukkueenjohtajaan, katso yhteystiedot joukkueen sivulta. Kaikilla ei ole puhelinnumeroa ilmoitettuna, ota silloin yhteytt\u00e4 s\u00e4hk\u00f6postilla. S\u00e4hk\u00f6postiosoitteessa oleva (at) merkint\u00e4 tarkoittaa @-merkki\u00e4. T\u00e4m\u00e4 merkint\u00e4tapa&#8230;<\/p>\n","protected":false},"author":1,"featured_media":0,"parent":0,"menu_order":0,"comment_status":"closed","ping_status":"closed","template":"","meta":{"_bbp_topic_count":0,"_bbp_reply_count":0,"_bbp_total_topic_count":0,"_bbp_total_reply_count":0,"_bbp_voice_count":0,"_bbp_anonymous_reply_count":0,"_bbp_topic_count_hidden":0,"_bbp_reply_count_hidden":0,"_bbp_forum_subforum_count":0,"footnotes":""},"class_list":["post-36","page","type-page","status-publish","hentry"],"_links":{"self":[{"href":"https:\/\/kopse.org\/index.php?rest_route=\/wp\/v2\/pages\/36","targetHints":{"allow":["GET"]}}],"collection":[{"href":"https:\/\/kopse.org\/index.php?rest_route=\/wp\/v2\/pages"}],"about":[{"href":"https:\/\/kopse.org\/index.php?rest_route=\/wp\/v2\/types\/page"}],"author":[{"embeddable":true,"href":"https:\/\/kopse.org\/index.php?rest_route=\/wp\/v2\/users\/1"}],"replies":[{"embeddable":true,"href":"https:\/\/kopse.org\/index.php?rest_route=%2Fwp%2Fv2%2Fcomments&post=36"}],"version-history":[{"count":14,"href":"https:\/\/kopse.org\/index.php?rest_route=\/wp\/v2\/pages\/36\/revisions"}],"predecessor-version":[{"id":17215,"href":"https:\/\/kopse.org\/index.php?rest_route=\/wp\/v2\/pages\/36\/revisions\/17215"}],"wp:attachment":[{"href":"https:\/\/kopse.org\/index.php?rest_route=%2Fwp%2Fv2%2Fmedia&parent=36"}],"curies":[{"name":"wp","href":"https:\/\/api.w.org\/{rel}","templated":true}]}}